{"id":47,"date":"2024-02-12T18:55:22","date_gmt":"2024-02-12T18:55:22","guid":{"rendered":"https:\/\/svenskelektronik.acrowd.se\/?page_id=47"},"modified":"2025-11-16T21:55:56","modified_gmt":"2025-11-16T21:55:56","slug":"kontakta-oss","status":"publish","type":"page","link":"https:\/\/svenskelektronik.se\/en\/kontakta-oss\/","title":{"rendered":"Contact us"},"content":{"rendered":"<div style=\"height:var(--wp--preset--spacing--80)\" aria-hidden=\"true\" class=\"wp-block-spacer\"><\/div>\n\n\n\n<div class=\"wp-block-columns alignwide is-layout-flex wp-container-core-columns-is-layout-9d6595d7 wp-block-columns-is-layout-flex\">\n<div class=\"wp-block-column is-content-justification-left is-layout-constrained wp-container-core-column-is-layout-2f799918 wp-block-column-is-layout-constrained\">\n<h1 class=\"wp-block-heading alignwide\">Contact us<\/h1>\n\n\n\n<p>Here you will find our contact information.<\/p>\n\n\n\n<p><\/p>\n<\/div>\n\n\n\n<div class=\"wp-block-column is-vertically-aligned-top is-content-justification-right is-layout-constrained wp-container-core-column-is-layout-b1143090 wp-block-column-is-layout-constrained\"><div  class=\"tebab-block-icon_list\">\n            \n                    <div class=\"row\">\n                    <div class=\"wrapper\">\n                <img decoding=\"async\" src=\"https:\/\/svenskelektronik.se\/wp-content\/uploads\/2024\/03\/mail_sve.png\" alt=\"\">\n            <\/div>\n                            <a href=\"mailto:info@exempel.com\" class=\"text h4\">\n                    info@svenskelektronik.com                <\/a>\n                                <\/div>\n                    \n                    <div class=\"row\">\n                    <div class=\"wrapper\">\n                <img decoding=\"async\" src=\"https:\/\/svenskelektronik.se\/wp-content\/uploads\/2024\/03\/home_sve.png\" alt=\"\">\n            <\/div>\n                            <div class=\"text h4\">\n                    Storgatan 19, Stockholm                <\/div>\n                                <\/div>\n            <\/div><\/div>\n<\/div>\n\n\n\n<div style=\"height:10px\" aria-hidden=\"true\" class=\"wp-block-spacer\"><\/div>\n\n\n\n<h1 class=\"wp-block-heading alignwide\">Our office<\/h1>\n\n\n\n<div style=\"height:20px\" aria-hidden=\"true\" class=\"wp-block-spacer\"><\/div>\n\n\n<section  class=\"tebab-block-person_grid alignwide layout-small\">\n    <div class=\"contained\">\n        <div class=\"grid\">\n            <div class=\"person-card\">\n    \n            <div class=\"featured_image\">\n            <img loading=\"lazy\" decoding=\"async\" width=\"150\" height=\"150\" src=\"https:\/\/svenskelektronik.se\/wp-content\/uploads\/2024\/03\/HE1_1803-150x150.jpg\" class=\"attachment-thumbnail size-thumbnail\" alt=\"\" srcset=\"https:\/\/svenskelektronik.se\/wp-content\/uploads\/2024\/03\/HE1_1803-150x150.jpg 150w, https:\/\/svenskelektronik.se\/wp-content\/uploads\/2024\/03\/HE1_1803-300x300.jpg 300w, https:\/\/svenskelektronik.se\/wp-content\/uploads\/2024\/03\/HE1_1803-768x768.jpg 768w, https:\/\/svenskelektronik.se\/wp-content\/uploads\/2024\/03\/HE1_1803.jpg 1000w\" sizes=\"auto, (max-width: 150px) 100vw, 150px\" \/>        <\/div>\n    \n    <div class=\"content-wrapper\">\n        <div class=\"top\">\n                    <\/div>\n        \n        <h3>Elizabeth Osterlund<\/h3>\n\n                    <div class=\"excerpt\">\n                Secretary General            <\/div>\n        \n        <div class=\"links\">\n                            <a href=\"tel:+46 70 531 16 60\">\n                    <div class=\"icon icon-phone\"><\/div> +46 70 531 16 60                <\/a>\n            \n                            <a href=\"mailto:elisabet.osterlund@svenskelektronik.com\">\n                    <div class=\"icon icon-envelope\"><\/div> elisabet.osterlund@svenskelektronik.com                <\/a>\n                    <\/div>\n        \n    <\/div>\n<\/div><div class=\"person-card\">\n    \n            <div class=\"featured_image\">\n            <img loading=\"lazy\" decoding=\"async\" width=\"150\" height=\"150\" src=\"https:\/\/svenskelektronik.se\/wp-content\/uploads\/2024\/03\/Sara-Lundberg-edited-150x150.jpg\" class=\"attachment-thumbnail size-thumbnail\" alt=\"\" srcset=\"https:\/\/svenskelektronik.se\/wp-content\/uploads\/2024\/03\/Sara-Lundberg-edited-150x150.jpg 150w, https:\/\/svenskelektronik.se\/wp-content\/uploads\/2024\/03\/Sara-Lundberg-edited-300x300.jpg 300w, https:\/\/svenskelektronik.se\/wp-content\/uploads\/2024\/03\/Sara-Lundberg-edited-12x12.jpg 12w, https:\/\/svenskelektronik.se\/wp-content\/uploads\/2024\/03\/Sara-Lundberg-edited.jpg 717w\" sizes=\"auto, (max-width: 150px) 100vw, 150px\" \/>        <\/div>\n    \n    <div class=\"content-wrapper\">\n        <div class=\"top\">\n                    <\/div>\n        \n        <h3>Sara Lundberg<\/h3>\n\n                    <div class=\"excerpt\">\n                Communications Manager            <\/div>\n        \n        <div class=\"links\">\n                            <a href=\"tel:+46 72 311 83 40\">\n                    <div class=\"icon icon-phone\"><\/div> +46 72 311 83 40                <\/a>\n            \n                            <a href=\"mailto:sara@blibattre.se\">\n                    <div class=\"icon icon-envelope\"><\/div> sara@blibattre.se                <\/a>\n                    <\/div>\n        \n    <\/div>\n<\/div><div class=\"person-card\">\n    \n            <div class=\"featured_image\">\n            <img loading=\"lazy\" decoding=\"async\" width=\"150\" height=\"150\" src=\"https:\/\/svenskelektronik.se\/wp-content\/uploads\/2025\/01\/IMG_3982-150x150.jpg\" class=\"attachment-thumbnail size-thumbnail\" alt=\"\" \/>        <\/div>\n    \n    <div class=\"content-wrapper\">\n        <div class=\"top\">\n                    <\/div>\n        \n        <h3>Malin Berglund<\/h3>\n\n                    <div class=\"excerpt\">\n                Project Manager            <\/div>\n        \n        <div class=\"links\">\n                            <a href=\"tel:\u202d+46 70 951 42 94\u202c\">\n                    <div class=\"icon icon-phone\"><\/div> +46 70 951 42 94                <\/a>\n            \n                            <a href=\"mailto:malin.berglund@svenskelektronik.com\">\n                    <div class=\"icon icon-envelope\"><\/div> malin.berglund@svenskelektronik.com                <\/a>\n                    <\/div>\n        \n    <\/div>\n<\/div><div class=\"person-card\">\n    \n            <div class=\"featured_image\">\n            <img loading=\"lazy\" decoding=\"async\" width=\"150\" height=\"150\" src=\"https:\/\/svenskelektronik.se\/wp-content\/uploads\/2023\/10\/Anna.png-150x150.webp\" class=\"attachment-thumbnail size-thumbnail\" alt=\"\" srcset=\"https:\/\/svenskelektronik.se\/wp-content\/uploads\/2023\/10\/Anna.png-150x150.webp 150w, https:\/\/svenskelektronik.se\/wp-content\/uploads\/2023\/10\/Anna.png-300x300.webp 300w, https:\/\/svenskelektronik.se\/wp-content\/uploads\/2023\/10\/Anna.png-1024x1024.webp 1024w, https:\/\/svenskelektronik.se\/wp-content\/uploads\/2023\/10\/Anna.png-768x768.webp 768w, https:\/\/svenskelektronik.se\/wp-content\/uploads\/2023\/10\/Anna.png-12x12.webp 12w, https:\/\/svenskelektronik.se\/wp-content\/uploads\/2023\/10\/Anna.png.webp 1080w\" sizes=\"auto, (max-width: 150px) 100vw, 150px\" \/>        <\/div>\n    \n    <div class=\"content-wrapper\">\n        <div class=\"top\">\n                    <\/div>\n        \n        <h3>Anna Dalborg<\/h3>\n\n                    <div class=\"excerpt\">\n                Communicator             <\/div>\n        \n        <div class=\"links\">\n                            <a href=\"tel:+46 70 062 85 12\">\n                    <div class=\"icon icon-phone\"><\/div> +46 70 062 85 12                <\/a>\n            \n                            <a href=\"mailto:anna@blibattre.se\">\n                    <div class=\"icon icon-envelope\"><\/div> anna@blibattre.se                <\/a>\n                    <\/div>\n        \n    <\/div>\n<\/div>        <\/div>\n    <\/div>\n<\/section>\n\n\n<div style=\"height:0px\" aria-hidden=\"true\" class=\"wp-block-spacer\"><\/div>\n\n\n\n<div style=\"height:81px\" aria-hidden=\"true\" class=\"wp-block-spacer\"><\/div>\n\n\n\n<div class=\"wp-block-group alignwide tebab-form-image is-content-justification-left is-nowrap is-layout-flex wp-container-core-group-is-layout-f56a869c wp-block-group-is-layout-flex\">\n<figure class=\"wp-block-gallery has-nested-images columns-default is-cropped wp-block-gallery-1 is-layout-flex wp-block-gallery-is-layout-flex\">\n<figure class=\"wp-block-image size-full is-style-rounded\"><img loading=\"lazy\" decoding=\"async\" width=\"2000\" height=\"1335\" data-id=\"728873\" src=\"https:\/\/svenskelektronik.se\/wp-content\/uploads\/2024\/03\/shutterstock_584027995.jpg\" alt=\"\" class=\"wp-image-728873\" style=\"aspect-ratio:1;object-fit:cover\" srcset=\"https:\/\/svenskelektronik.se\/wp-content\/uploads\/2024\/03\/shutterstock_584027995.jpg 2000w, https:\/\/svenskelektronik.se\/wp-content\/uploads\/2024\/03\/shutterstock_584027995-300x200.jpg 300w, https:\/\/svenskelektronik.se\/wp-content\/uploads\/2024\/03\/shutterstock_584027995-1024x684.jpg 1024w, https:\/\/svenskelektronik.se\/wp-content\/uploads\/2024\/03\/shutterstock_584027995-768x513.jpg 768w, https:\/\/svenskelektronik.se\/wp-content\/uploads\/2024\/03\/shutterstock_584027995-1536x1025.jpg 1536w, https:\/\/svenskelektronik.se\/wp-content\/uploads\/2024\/03\/shutterstock_584027995-1618x1080.jpg 1618w\" sizes=\"auto, (max-width: 2000px) 100vw, 2000px\" \/><\/figure>\n<\/figure>\n\n\n\n<div class=\"wp-block-group tebab-form-image__content has-white-background-color has-background wp-container-content-9cfa9a5a is-nowrap is-layout-flex wp-container-core-group-is-layout-ad2f72ca wp-block-group-is-layout-flex\">\n<h2 class=\"wp-block-heading\">Would you rather be contacted by us? <\/h2>\n\n\n\n<p>Fill out the form and we will get back to you as soon as possible!<\/p>\n\n\n<section  class=\"tebab-block-form\">\n    <form data-tebab-form=\"block_c27892b6fd1d2688522eab9d0a2f2ce8\" data-tebab-page=\"47\" action=\"\">\n        <label class=\"input-wrapper\" for=\"\">\n    <span><\/span>\n    <input type=\"email\" name=\"\" id=\"\" placeholder=\"\" >\n<\/label>\n        <div class=\"input-wrapper\">\n            <button type=\"submit\" class=\"button\">Send<\/button>\n        <\/div>\n\n            <input type=\"hidden\" name=\"trp-form-language\" value=\"en\"\/><\/form>\n<\/section><\/div>\n<\/div>\n\n\n\n<div style=\"height:81px\" aria-hidden=\"true\" class=\"wp-block-spacer\"><\/div>","protected":false},"excerpt":{"rendered":"<p>Kontakta oss H\u00e4r hittar du kontaktuppgifter till oss. V\u00e5rt kansli Vill du hellre bli kontaktad av oss? Fyll i formul\u00e4ret s\u00e5 \u00e5terkommer vi s\u00e5 fort som m\u00f6jligt!<\/p>","protected":false},"author":1,"featured_media":0,"parent":0,"menu_order":0,"comment_status":"closed","ping_status":"closed","template":"","meta":{"footnotes":""},"class_list":["post-47","page","type-page","status-publish","hentry"],"acf":[],"_links":{"self":[{"href":"https:\/\/svenskelektronik.se\/en\/wp-json\/wp\/v2\/pages\/47","targetHints":{"allow":["GET"]}}],"collection":[{"href":"https:\/\/svenskelektronik.se\/en\/wp-json\/wp\/v2\/pages"}],"about":[{"href":"https:\/\/svenskelektronik.se\/en\/wp-json\/wp\/v2\/types\/page"}],"author":[{"embeddable":true,"href":"https:\/\/svenskelektronik.se\/en\/wp-json\/wp\/v2\/users\/1"}],"replies":[{"embeddable":true,"href":"https:\/\/svenskelektronik.se\/en\/wp-json\/wp\/v2\/comments?post=47"}],"version-history":[{"count":15,"href":"https:\/\/svenskelektronik.se\/en\/wp-json\/wp\/v2\/pages\/47\/revisions"}],"predecessor-version":[{"id":739466,"href":"https:\/\/svenskelektronik.se\/en\/wp-json\/wp\/v2\/pages\/47\/revisions\/739466"}],"wp:attachment":[{"href":"https:\/\/svenskelektronik.se\/en\/wp-json\/wp\/v2\/media?parent=47"}],"curies":[{"name":"wp","href":"https:\/\/api.w.org\/{rel}","templated":true}]}}