{"id":728834,"date":"2024-03-24T21:40:47","date_gmt":"2024-03-24T21:40:47","guid":{"rendered":"https:\/\/svenskelektronik.acrowd.se\/?page_id=728834"},"modified":"2026-04-11T12:11:29","modified_gmt":"2026-04-11T12:11:29","slug":"om-svensk-elektronik","status":"publish","type":"page","link":"https:\/\/svenskelektronik.se\/en\/om-svensk-elektronik\/","title":{"rendered":"About Swedish Electronics"},"content":{"rendered":"<section  class=\"tebab-block-hero alignfull\" style=\"--heading-color: #ffffff;\">\n\n    <img loading=\"lazy\" decoding=\"async\" width=\"1920\" height=\"1080\" src=\"https:\/\/svenskelektronik.se\/wp-content\/uploads\/2024\/04\/shutterstock_2262331365-1920x1080.jpg\" class=\"attachment-landscape size-landscape\" alt=\"\" srcset=\"https:\/\/svenskelektronik.se\/wp-content\/uploads\/2024\/04\/shutterstock_2262331365-1920x1080.jpg 1920w, https:\/\/svenskelektronik.se\/wp-content\/uploads\/2024\/04\/shutterstock_2262331365-300x169.jpg 300w, https:\/\/svenskelektronik.se\/wp-content\/uploads\/2024\/04\/shutterstock_2262331365-1024x576.jpg 1024w, https:\/\/svenskelektronik.se\/wp-content\/uploads\/2024\/04\/shutterstock_2262331365-768x432.jpg 768w, https:\/\/svenskelektronik.se\/wp-content\/uploads\/2024\/04\/shutterstock_2262331365-1536x864.jpg 1536w, https:\/\/svenskelektronik.se\/wp-content\/uploads\/2024\/04\/shutterstock_2262331365-2048x1152.jpg 2048w\" sizes=\"auto, (max-width: 1920px) 100vw, 1920px\" \/>\n    <div class=\"contained\">\n                <h1 class=\"tebab-block-hero__heading\">\n            About Swedish Electronics        <\/h1>\n\n            <\/div>\n<\/section>\n\n\n<div style=\"height:40px\" aria-hidden=\"true\" class=\"wp-block-spacer\"><\/div>\n\n\n\n<div class=\"wp-block-columns alignwide is-layout-flex wp-container-core-columns-is-layout-9d6595d7 wp-block-columns-is-layout-flex\">\n<div class=\"wp-block-column is-layout-flow wp-block-column-is-layout-flow\" style=\"flex-basis:100%\">\n<p class=\"has-large-font-size\"><strong>Svensk Elektronik is Sweden&#039;s leading trade organization for industrial electronics.<\/strong><\/p>\n<\/div>\n\n\n\n<div class=\"wp-block-column is-layout-flow wp-block-column-is-layout-flow\" style=\"flex-basis:100%\">\n<div class=\"wp-block-group is-layout-constrained wp-block-group-is-layout-constrained\">\n<p>&nbsp;<\/p>\n\n\n\n<p>V\u00e5ra medlemsf\u00f6retag representerar en ansenlig del av svensk elektronikindustri, med en sammanlagd oms\u00e4ttning i Sverige p\u00e5 <strong>300 miljarder SEK<\/strong> and <strong>97\u202f000 medarbetare<\/strong>. <\/p>\n\n\n\n<p>Vi skapar v\u00e4rde genom <strong>n\u00e4tverk<\/strong>, <strong>kunskapsutbyte<\/strong>, <strong>utbildningar, p\u00e5verkansarbete,<\/strong> <strong>samverkan<\/strong> and <strong>engagemang<\/strong> kring de fr\u00e5gor som \u00e4r viktiga f\u00f6r elektronikindustrins utveckling och konkurrenskraft.<\/p>\n<\/div>\n<\/div>\n<\/div>\n\n\n<section  class=\"tebab-block-split_screen alignfull image_alignment-left\">\n    <div class=\"contained\">\n        <div class=\"tebab-block-split_screen__image-wrapper\">\n            <img loading=\"lazy\" decoding=\"async\" width=\"1620\" height=\"1080\" src=\"https:\/\/svenskelektronik.se\/wp-content\/uploads\/2024\/04\/BRG_4007-scaled-1-1620x1080.jpg\" class=\"attachment-landscape size-landscape\" alt=\"\" srcset=\"https:\/\/svenskelektronik.se\/wp-content\/uploads\/2024\/04\/BRG_4007-scaled-1-1620x1080.jpg 1620w, https:\/\/svenskelektronik.se\/wp-content\/uploads\/2024\/04\/BRG_4007-scaled-1-300x200.jpg 300w, https:\/\/svenskelektronik.se\/wp-content\/uploads\/2024\/04\/BRG_4007-scaled-1-1024x683.jpg 1024w, https:\/\/svenskelektronik.se\/wp-content\/uploads\/2024\/04\/BRG_4007-scaled-1-768x512.jpg 768w, https:\/\/svenskelektronik.se\/wp-content\/uploads\/2024\/04\/BRG_4007-scaled-1-1536x1024.jpg 1536w, https:\/\/svenskelektronik.se\/wp-content\/uploads\/2024\/04\/BRG_4007-scaled-1-2048x1366.jpg 2048w\" sizes=\"auto, (max-width: 1620px) 100vw, 1620px\" \/>        <\/div>\n\n        <div class=\"tebab-block-split_screen__content-wrapper\">\n            <h1><strong>We create value for our members<\/strong><\/h1>\n<p style=\"font-weight: 400;\">Svensk Elektronik&#039;s goal is to strengthen the industry as a whole, to contribute to the development of the competitiveness of member companies and to work for sustainable growth. For 2025, we will therefore drive crucial focus issues for the industry in these areas:<\/p>\n<ul>\n<li>Semiconductor<\/li>\n<li>Electronics production<\/li>\n<li>Advanced Digital Technology<\/li>\n<li>Supply chains<\/li>\n<li>Skills supply<\/li>\n<li>Green transition<\/li>\n<\/ul>\n<p style=\"font-weight: 400;\">We also act as a meeting place and forum for collaboration, development and business for companies and stakeholders in the electronics industry. We collaborate and consult with business organizations and public authorities.<\/p>\n\n                            <div class=\"tebab-block-split_screen__buttons\">\n                                            <a href=\"\/vara-fragor\/\" class=\"button styled\" target=\"\" rel=\"noreferrer\">Our questions<\/a>\n                                            <a href=\"\/styrelse\" class=\"button primary\" target=\"\" rel=\"noreferrer\">Board<\/a>\n                                            <a href=\"\/kontakta-oss\" class=\"button primary\" target=\"\" rel=\"noreferrer\">Chancellery<\/a>\n                                    <\/div>\n            \n        <\/div>\n    <\/div>\n<\/section>\n\n\n<div style=\"height:40px\" aria-hidden=\"true\" class=\"wp-block-spacer\"><\/div>\n\n\n<section  class=\"tebab-block-split_screen alignfull image_alignment-right\">\n    <div class=\"contained\">\n        <div class=\"tebab-block-split_screen__image-wrapper\">\n            <img loading=\"lazy\" decoding=\"async\" width=\"1620\" height=\"1080\" src=\"https:\/\/svenskelektronik.se\/wp-content\/uploads\/2024\/10\/Stora-Elektronikdagen-37-1620x1080.jpg\" class=\"attachment-landscape size-landscape\" alt=\"\" srcset=\"https:\/\/svenskelektronik.se\/wp-content\/uploads\/2024\/10\/Stora-Elektronikdagen-37-1620x1080.jpg 1620w, https:\/\/svenskelektronik.se\/wp-content\/uploads\/2024\/10\/Stora-Elektronikdagen-37-300x200.jpg 300w, https:\/\/svenskelektronik.se\/wp-content\/uploads\/2024\/10\/Stora-Elektronikdagen-37-1024x683.jpg 1024w, https:\/\/svenskelektronik.se\/wp-content\/uploads\/2024\/10\/Stora-Elektronikdagen-37-768x512.jpg 768w, https:\/\/svenskelektronik.se\/wp-content\/uploads\/2024\/10\/Stora-Elektronikdagen-37-1536x1024.jpg 1536w, https:\/\/svenskelektronik.se\/wp-content\/uploads\/2024\/10\/Stora-Elektronikdagen-37-2048x1365.jpg 2048w\" sizes=\"auto, (max-width: 1620px) 100vw, 1620px\" \/>        <\/div>\n\n        <div class=\"tebab-block-split_screen__content-wrapper\">\n            <h1 style=\"font-weight: 400;\"><strong>Without electronics, Sweden will stop<\/strong><\/h1>\n<p style=\"font-weight: 400;\"><strong>Svensk Elektronik operates broadly across all of Sweden&#039;s important industries.<\/strong><\/p>\n<ul>\n<li>Telecom<\/li>\n<li>Automotive industry<\/li>\n<li>Defense industry<\/li>\n<li>Smart Electricity Supply<\/li>\n<li>Medical technology<\/li>\n<\/ul>\n<p style=\"font-weight: 400;\"><strong>We are experts in electronics and have the knowledge and ability to drive Sweden&#039;s important electronics issues. <\/strong><\/p>\n<p style=\"font-weight: 400;\">With our broad electronics knowledge, we are the player in Sweden that is best equipped to drive the major and strategically crucial issues in electronics, both for our members and for the entire Swedish electronics industry.<\/p>\n<p>We are the obvious industry representative for our member companies and the natural party to address questions to.<\/p>\n\n                            <div class=\"tebab-block-split_screen__buttons\">\n                                            <a href=\"\/medlemmar\" class=\"button styled\" target=\"1\" rel=\"noreferrer\">Our members<\/a>\n                                    <\/div>\n            \n        <\/div>\n    <\/div>\n<\/section>\n\n\n<div style=\"height:100px\" aria-hidden=\"true\" class=\"wp-block-spacer\"><\/div>\n\n\n\n<section  class=\"tebab-block-text_columns alignfull\">\n\t<div class=\"contained\">\n\t\t<div class=\"columns\">\n\t\t\t\t\t\t\t<div class=\"column has-image\">\n\t\t\t\t\t \n\t\t\t\t\t\t<div class=\"image\">\n\t\t\t\t\t\t\t<img loading=\"lazy\" decoding=\"async\" width=\"1000\" height=\"698\" src=\"https:\/\/svenskelektronik.se\/wp-content\/uploads\/2024\/04\/shutterstock_152657705.jpg\" class=\"attachment-large size-large\" alt=\"\" srcset=\"https:\/\/svenskelektronik.se\/wp-content\/uploads\/2024\/04\/shutterstock_152657705.jpg 1000w, https:\/\/svenskelektronik.se\/wp-content\/uploads\/2024\/04\/shutterstock_152657705-300x209.jpg 300w, https:\/\/svenskelektronik.se\/wp-content\/uploads\/2024\/04\/shutterstock_152657705-768x536.jpg 768w\" sizes=\"auto, (max-width: 1000px) 100vw, 1000px\" \/>\t\t\t\t\t\t<\/div>\n\t\t\t\t\t\t\t\t\t\t<div class=\"content\">\n\t\t\t\t\t\t<h3 class=\"column-title\">Statutes<\/h3>\n\t\t\t\t\t\t<p class=\"column-text\">Statutes for the Swedish Electronics Industry Organization.<\/p>\n\t\t\t\t\t\t\t\t\t\t\t\t\t<a href=\"https:\/\/svenskelektronik.se\/wp-content\/uploads\/2024\/10\/SvenskElektronik_Stadgar_2025.pdf\" class=\"column-link button\">\n\t\t\t\t\t\t\t\tRead more\t\t\t\t\t\t\t<\/a>\n\t\t\t\t\t\t\t\t\t\t\t<\/div>\n\t\t\t\t<\/div>\n\t\t\t\t\t\t\t<div class=\"column has-image\">\n\t\t\t\t\t \n\t\t\t\t\t\t<div class=\"image\">\n\t\t\t\t\t\t\t<img loading=\"lazy\" decoding=\"async\" width=\"1000\" height=\"668\" src=\"https:\/\/svenskelektronik.se\/wp-content\/uploads\/2024\/04\/shutterstock_697660129-2.jpg\" class=\"attachment-large size-large\" alt=\"\" srcset=\"https:\/\/svenskelektronik.se\/wp-content\/uploads\/2024\/04\/shutterstock_697660129-2.jpg 1000w, https:\/\/svenskelektronik.se\/wp-content\/uploads\/2024\/04\/shutterstock_697660129-2-300x200.jpg 300w, https:\/\/svenskelektronik.se\/wp-content\/uploads\/2024\/04\/shutterstock_697660129-2-768x513.jpg 768w\" sizes=\"auto, (max-width: 1000px) 100vw, 1000px\" \/>\t\t\t\t\t\t<\/div>\n\t\t\t\t\t\t\t\t\t\t<div class=\"content\">\n\t\t\t\t\t\t<h3 class=\"column-title\">Code of Conduct<\/h3>\n\t\t\t\t\t\t<p class=\"column-text\">It is important that our business is conducted in a manner that clearly complies with competition law.<br \/>\r\nframework. The purpose of competition law is to stimulate free competition, which has our full support. <br \/>\r\n<br \/>\r\nThe Code of Conduct aims to provide clear rules and means that violations of the code may lead to the association and its member companies being<\/p>\n\t\t\t\t\t\t\t\t\t\t\t\t\t<a href=\"https:\/\/svenskelektronik.se\/code-of-conduct\/\" class=\"column-link button\">\n\t\t\t\t\t\t\t\tRead more\t\t\t\t\t\t\t<\/a>\n\t\t\t\t\t\t\t\t\t\t\t<\/div>\n\t\t\t\t<\/div>\n\t\t\t\t\t\t\t<div class=\"column has-image\">\n\t\t\t\t\t \n\t\t\t\t\t\t<div class=\"image\">\n\t\t\t\t\t\t\t<img loading=\"lazy\" decoding=\"async\" width=\"1000\" height=\"667\" src=\"https:\/\/svenskelektronik.se\/wp-content\/uploads\/2024\/04\/shutterstock_2151553539.jpg\" class=\"attachment-large size-large\" alt=\"\" srcset=\"https:\/\/svenskelektronik.se\/wp-content\/uploads\/2024\/04\/shutterstock_2151553539.jpg 1000w, https:\/\/svenskelektronik.se\/wp-content\/uploads\/2024\/04\/shutterstock_2151553539-300x200.jpg 300w, https:\/\/svenskelektronik.se\/wp-content\/uploads\/2024\/04\/shutterstock_2151553539-768x512.jpg 768w\" sizes=\"auto, (max-width: 1000px) 100vw, 1000px\" \/>\t\t\t\t\t\t<\/div>\n\t\t\t\t\t\t\t\t\t\t<div class=\"content\">\n\t\t\t\t\t\t<h3 class=\"column-title\">Privacy Policy<\/h3>\n\t\t\t\t\t\t<p class=\"column-text\">We protect your personal privacy and always strive for a high level of data protection.<br \/>\r\n<br \/>\r\nThis privacy policy explains how we collect and use your personal information.<\/p>\n\t\t\t\t\t\t\t\t\t\t\t\t\t<a href=\"https:\/\/svenskelektronik.se\/personuppgiftspolicy\/\" class=\"column-link button\">\n\t\t\t\t\t\t\t\tRead more\t\t\t\t\t\t\t<\/a>\n\t\t\t\t\t\t\t\t\t\t\t<\/div>\n\t\t\t\t<\/div>\n\t\t\t\t\t<\/div>\n\t<\/div>\n<\/section>\n\n\n<div style=\"height:100px\" aria-hidden=\"true\" class=\"wp-block-spacer\"><\/div>","protected":false},"excerpt":{"rendered":"<p>Svensk Elektronik \u00e4r Sveriges fr\u00e4msta branschorganisation f\u00f6r industriell elektronik &nbsp; V\u00e5ra medlemsf\u00f6retag representerar en ansenlig del av svensk elektronikindustri, med en sammanlagd oms\u00e4ttning i Sverige p\u00e5 300 miljarder SEK och 97\u202f000 medarbetare. Vi skapar v\u00e4rde genom n\u00e4tverk, kunskapsutbyte, utbildningar, p\u00e5verkansarbete, samverkan och engagemang kring de fr\u00e5gor som \u00e4r viktiga f\u00f6r elektronikindustrins utveckling och konkurrenskraft.<\/p>","protected":false},"author":1,"featured_media":0,"parent":0,"menu_order":0,"comment_status":"closed","ping_status":"closed","template":"","meta":{"footnotes":""},"class_list":["post-728834","page","type-page","status-publish","hentry"],"acf":[],"_links":{"self":[{"href":"https:\/\/svenskelektronik.se\/en\/wp-json\/wp\/v2\/pages\/728834","targetHints":{"allow":["GET"]}}],"collection":[{"href":"https:\/\/svenskelektronik.se\/en\/wp-json\/wp\/v2\/pages"}],"about":[{"href":"https:\/\/svenskelektronik.se\/en\/wp-json\/wp\/v2\/types\/page"}],"author":[{"embeddable":true,"href":"https:\/\/svenskelektronik.se\/en\/wp-json\/wp\/v2\/users\/1"}],"replies":[{"embeddable":true,"href":"https:\/\/svenskelektronik.se\/en\/wp-json\/wp\/v2\/comments?post=728834"}],"version-history":[{"count":33,"href":"https:\/\/svenskelektronik.se\/en\/wp-json\/wp\/v2\/pages\/728834\/revisions"}],"predecessor-version":[{"id":740280,"href":"https:\/\/svenskelektronik.se\/en\/wp-json\/wp\/v2\/pages\/728834\/revisions\/740280"}],"wp:attachment":[{"href":"https:\/\/svenskelektronik.se\/en\/wp-json\/wp\/v2\/media?parent=728834"}],"curies":[{"name":"wp","href":"https:\/\/api.w.org\/{rel}","templated":true}]}}