{"id":728840,"date":"2024-03-24T21:48:15","date_gmt":"2024-03-24T21:48:15","guid":{"rendered":"https:\/\/svenskelektronik.acrowd.se\/?page_id=728840"},"modified":"2026-04-08T14:54:31","modified_gmt":"2026-04-08T14:54:31","slug":"vara-fragor","status":"publish","type":"page","link":"https:\/\/svenskelektronik.se\/en\/vara-fragor\/","title":{"rendered":"Our questions"},"content":{"rendered":"<section  class=\"tebab-block-hero alignfull\" style=\"--heading-color: #ffffff;\">\n\n    <img loading=\"lazy\" decoding=\"async\" width=\"1920\" height=\"1080\" src=\"https:\/\/svenskelektronik.se\/wp-content\/uploads\/2024\/05\/shutterstock_2136020447-1920x1080.jpg\" class=\"attachment-landscape size-landscape\" alt=\"\" srcset=\"https:\/\/svenskelektronik.se\/wp-content\/uploads\/2024\/05\/shutterstock_2136020447-1920x1080.jpg 1920w, https:\/\/svenskelektronik.se\/wp-content\/uploads\/2024\/05\/shutterstock_2136020447-300x169.jpg 300w, https:\/\/svenskelektronik.se\/wp-content\/uploads\/2024\/05\/shutterstock_2136020447-1024x576.jpg 1024w, https:\/\/svenskelektronik.se\/wp-content\/uploads\/2024\/05\/shutterstock_2136020447-768x432.jpg 768w, https:\/\/svenskelektronik.se\/wp-content\/uploads\/2024\/05\/shutterstock_2136020447-1536x864.jpg 1536w, https:\/\/svenskelektronik.se\/wp-content\/uploads\/2024\/05\/shutterstock_2136020447.jpg 2000w\" sizes=\"auto, (max-width: 1920px) 100vw, 1920px\" \/>\n    <div class=\"contained\">\n                <h1 class=\"tebab-block-hero__heading\">\n            Our questions        <\/h1>\n\n                    <div class=\"tebab-block-hero__buttons\">\n                                    <a href=\"https:\/\/svenskelektronik.se\/vara-fragor\/#fokusomraden\" class=\"button primary\" target=\"\" rel=\"noreferrer\">Our focus areas<\/a>\n                                    <a href=\"\/svensk-elektronik-i-media\/\" class=\"button styled\" target=\"\" rel=\"noreferrer\">Swedish electronics in the media<\/a>\n                            <\/div>\n            <\/div>\n<\/section>\n\n\n<div style=\"height:60px\" aria-hidden=\"true\" class=\"wp-block-spacer\"><\/div>\n\n\n\n<div class=\"wp-block-columns alignwide is-layout-flex wp-container-core-columns-is-layout-9d6595d7 wp-block-columns-is-layout-flex\">\n<div class=\"wp-block-column is-layout-flow wp-block-column-is-layout-flow\" style=\"flex-basis:100%\">\n<div class=\"wp-block-group is-layout-constrained wp-block-group-is-layout-constrained\">\n<h1 class=\"wp-block-heading has-text-align-center has-large-font-size\"><strong><strong>Our mission<\/strong><\/strong><\/h1>\n<\/div>\n<\/div>\n\n\n\n<div class=\"wp-block-column is-layout-flow wp-block-column-is-layout-flow\" style=\"flex-basis:100%\">\n<div class=\"wp-block-group is-layout-constrained wp-block-group-is-layout-constrained\">\n<p class=\"has-text-align-left\">Svensk Elektronik is Sweden&#039;s leading trade organization for players in industrial electronics. We offer our members opportunities for networking, skills development and collaboration. <\/p>\n\n\n\n<p class=\"has-text-align-left\">Sweden needs a strong and internationally competitive electronics industry. That&#039;s why we need to work together and get involved in the industry&#039;s important issues.&nbsp;<\/p>\n<\/div>\n<\/div>\n<\/div>\n\n\n<section id=\"fokusamraden\" class=\"tebab-block-posts_carousel alignwide type-focus_area\">\n            <h2>Focus areas<\/h2>\n    \n            <div class=\"carousel-wrapper\">\n                                            <div class=\"focus-area-card\">\n    \n            <div class=\"featured_image\">\n            <img loading=\"lazy\" decoding=\"async\" width=\"1024\" height=\"576\" src=\"https:\/\/svenskelektronik.se\/wp-content\/uploads\/2024\/11\/shutterstock_1734236363-1024x576.jpg\" class=\"attachment-large size-large\" alt=\"\" srcset=\"https:\/\/svenskelektronik.se\/wp-content\/uploads\/2024\/11\/shutterstock_1734236363-1024x576.jpg 1024w, https:\/\/svenskelektronik.se\/wp-content\/uploads\/2024\/11\/shutterstock_1734236363-300x169.jpg 300w, https:\/\/svenskelektronik.se\/wp-content\/uploads\/2024\/11\/shutterstock_1734236363-768x432.jpg 768w, https:\/\/svenskelektronik.se\/wp-content\/uploads\/2024\/11\/shutterstock_1734236363-1536x864.jpg 1536w, https:\/\/svenskelektronik.se\/wp-content\/uploads\/2024\/11\/shutterstock_1734236363.jpg 1778w\" sizes=\"auto, (max-width: 1024px) 100vw, 1024px\" \/>        <\/div>\n    \n    <div class=\"content-wrapper\">\n        <h3><a tabindex=\"-1\" href=\"https:\/\/svenskelektronik.se\/en\/fokusomraden\/effektiva-leveranskedjor\/\">Efficient supply chains\u00a0<\/a><\/h3>\n\n        \n        <a class=\"read-more\" href=\"https:\/\/svenskelektronik.se\/en\/fokusomraden\/effektiva-leveranskedjor\/\">Read more<span class=\"screenreader\"> about Efficient supply chains\u00a0<\/span><div class=\"icon-chevron-right\"><\/div><\/a>\n    <\/div>\n<\/div>                                            <div class=\"focus-area-card\">\n    \n            <div class=\"featured_image\">\n            <img loading=\"lazy\" decoding=\"async\" width=\"1024\" height=\"576\" src=\"https:\/\/svenskelektronik.se\/wp-content\/uploads\/2024\/11\/shutterstock_2492758791-1024x576.jpg\" class=\"attachment-large size-large\" alt=\"\" srcset=\"https:\/\/svenskelektronik.se\/wp-content\/uploads\/2024\/11\/shutterstock_2492758791-1024x576.jpg 1024w, https:\/\/svenskelektronik.se\/wp-content\/uploads\/2024\/11\/shutterstock_2492758791-300x169.jpg 300w, https:\/\/svenskelektronik.se\/wp-content\/uploads\/2024\/11\/shutterstock_2492758791-768x432.jpg 768w, https:\/\/svenskelektronik.se\/wp-content\/uploads\/2024\/11\/shutterstock_2492758791-1536x864.jpg 1536w, https:\/\/svenskelektronik.se\/wp-content\/uploads\/2024\/11\/shutterstock_2492758791-2048x1152.jpg 2048w, https:\/\/svenskelektronik.se\/wp-content\/uploads\/2024\/11\/shutterstock_2492758791-1920x1080.jpg 1920w\" sizes=\"auto, (max-width: 1024px) 100vw, 1024px\" \/>        <\/div>\n    \n    <div class=\"content-wrapper\">\n        <h3><a tabindex=\"-1\" href=\"https:\/\/svenskelektronik.se\/en\/fokusomraden\/elektronikproduktion\/\">Electronics production<\/a><\/h3>\n\n        \n        <a class=\"read-more\" href=\"https:\/\/svenskelektronik.se\/en\/fokusomraden\/elektronikproduktion\/\">Read more<span class=\"screenreader\"> about Electronics Production<\/span><div class=\"icon-chevron-right\"><\/div><\/a>\n    <\/div>\n<\/div>                                            <div class=\"focus-area-card\">\n    \n            <div class=\"featured_image\">\n            <img loading=\"lazy\" decoding=\"async\" width=\"1024\" height=\"644\" src=\"https:\/\/svenskelektronik.se\/wp-content\/uploads\/2024\/10\/shutterstock_2316960273_-1-1024x644.jpg\" class=\"attachment-large size-large\" alt=\"\" srcset=\"https:\/\/svenskelektronik.se\/wp-content\/uploads\/2024\/10\/shutterstock_2316960273_-1-1024x644.jpg 1024w, https:\/\/svenskelektronik.se\/wp-content\/uploads\/2024\/10\/shutterstock_2316960273_-1-300x189.jpg 300w, https:\/\/svenskelektronik.se\/wp-content\/uploads\/2024\/10\/shutterstock_2316960273_-1-768x483.jpg 768w, https:\/\/svenskelektronik.se\/wp-content\/uploads\/2024\/10\/shutterstock_2316960273_-1.jpg 1500w\" sizes=\"auto, (max-width: 1024px) 100vw, 1024px\" \/>        <\/div>\n    \n    <div class=\"content-wrapper\">\n        <h3><a tabindex=\"-1\" href=\"https:\/\/svenskelektronik.se\/en\/fokusomraden\/den-strategiskt-viktiga-halvledarfragan\/\">The strategically important semiconductor issue<\/a><\/h3>\n\n        \n        <a class=\"read-more\" href=\"https:\/\/svenskelektronik.se\/en\/fokusomraden\/den-strategiskt-viktiga-halvledarfragan\/\">Read more<span class=\"screenreader\"> about The strategically important semiconductor issue<\/span><div class=\"icon-chevron-right\"><\/div><\/a>\n    <\/div>\n<\/div>                                            <div class=\"focus-area-card\">\n    \n            <div class=\"featured_image\">\n            <img loading=\"lazy\" decoding=\"async\" width=\"1024\" height=\"682\" src=\"https:\/\/svenskelektronik.se\/wp-content\/uploads\/2024\/03\/hallbarhet2-1024x682.jpg\" class=\"attachment-large size-large\" alt=\"\" srcset=\"https:\/\/svenskelektronik.se\/wp-content\/uploads\/2024\/03\/hallbarhet2-1024x682.jpg 1024w, https:\/\/svenskelektronik.se\/wp-content\/uploads\/2024\/03\/hallbarhet2-300x200.jpg 300w, https:\/\/svenskelektronik.se\/wp-content\/uploads\/2024\/03\/hallbarhet2-768x512.jpg 768w, https:\/\/svenskelektronik.se\/wp-content\/uploads\/2024\/03\/hallbarhet2-1536x1024.jpg 1536w, https:\/\/svenskelektronik.se\/wp-content\/uploads\/2024\/03\/hallbarhet2-1620x1080.jpg 1620w, https:\/\/svenskelektronik.se\/wp-content\/uploads\/2024\/03\/hallbarhet2.jpg 2000w\" sizes=\"auto, (max-width: 1024px) 100vw, 1024px\" \/>        <\/div>\n    \n    <div class=\"content-wrapper\">\n        <h3><a tabindex=\"-1\" href=\"https:\/\/svenskelektronik.se\/en\/fokusomraden\/hallbar-utveckling\/\">Sustainable development<\/a><\/h3>\n\n        \n        <a class=\"read-more\" href=\"https:\/\/svenskelektronik.se\/en\/fokusomraden\/hallbar-utveckling\/\">Read more<span class=\"screenreader\"> about Sustainable Development<\/span><div class=\"icon-chevron-right\"><\/div><\/a>\n    <\/div>\n<\/div>                                            <div class=\"focus-area-card\">\n    \n            <div class=\"featured_image\">\n            <img loading=\"lazy\" decoding=\"async\" width=\"1024\" height=\"576\" src=\"https:\/\/svenskelektronik.se\/wp-content\/uploads\/2024\/03\/development-1024x576.jpg\" class=\"attachment-large size-large\" alt=\"\" srcset=\"https:\/\/svenskelektronik.se\/wp-content\/uploads\/2024\/03\/development-1024x576.jpg 1024w, https:\/\/svenskelektronik.se\/wp-content\/uploads\/2024\/03\/development-300x169.jpg 300w, https:\/\/svenskelektronik.se\/wp-content\/uploads\/2024\/03\/development-768x432.jpg 768w, https:\/\/svenskelektronik.se\/wp-content\/uploads\/2024\/03\/development-1536x864.jpg 1536w, https:\/\/svenskelektronik.se\/wp-content\/uploads\/2024\/03\/development-1920x1080.jpg 1920w, https:\/\/svenskelektronik.se\/wp-content\/uploads\/2024\/03\/development.jpg 2000w\" sizes=\"auto, (max-width: 1024px) 100vw, 1024px\" \/>        <\/div>\n    \n    <div class=\"content-wrapper\">\n        <h3><a tabindex=\"-1\" href=\"https:\/\/svenskelektronik.se\/en\/fokusomraden\/satsa-pa-framtidens-elektronik\/\">Research &amp; Innovation<\/a><\/h3>\n\n        \n        <a class=\"read-more\" href=\"https:\/\/svenskelektronik.se\/en\/fokusomraden\/satsa-pa-framtidens-elektronik\/\">Read more<span class=\"screenreader\"> about Research &amp; Innovation<\/span><div class=\"icon-chevron-right\"><\/div><\/a>\n    <\/div>\n<\/div>                                            <div class=\"focus-area-card\">\n    \n            <div class=\"featured_image\">\n            <img loading=\"lazy\" decoding=\"async\" width=\"1024\" height=\"684\" src=\"https:\/\/svenskelektronik.se\/wp-content\/uploads\/2024\/02\/unga-i-branschen-1024x684.jpg\" class=\"attachment-large size-large\" alt=\"\" srcset=\"https:\/\/svenskelektronik.se\/wp-content\/uploads\/2024\/02\/unga-i-branschen-1024x684.jpg 1024w, https:\/\/svenskelektronik.se\/wp-content\/uploads\/2024\/02\/unga-i-branschen-300x200.jpg 300w, https:\/\/svenskelektronik.se\/wp-content\/uploads\/2024\/02\/unga-i-branschen-768x513.jpg 768w, https:\/\/svenskelektronik.se\/wp-content\/uploads\/2024\/02\/unga-i-branschen-1536x1025.jpg 1536w, https:\/\/svenskelektronik.se\/wp-content\/uploads\/2024\/02\/unga-i-branschen-1618x1080.jpg 1618w, https:\/\/svenskelektronik.se\/wp-content\/uploads\/2024\/02\/unga-i-branschen.jpg 2000w\" sizes=\"auto, (max-width: 1024px) 100vw, 1024px\" \/>        <\/div>\n    \n    <div class=\"content-wrapper\">\n        <h3><a tabindex=\"-1\" href=\"https:\/\/svenskelektronik.se\/en\/fokusomraden\/sakra-framtidens-kompetens\/\">Future competence<\/a><\/h3>\n\n        \n        <a class=\"read-more\" href=\"https:\/\/svenskelektronik.se\/en\/fokusomraden\/sakra-framtidens-kompetens\/\">Read more<span class=\"screenreader\"> about the competence of the future<\/span><div class=\"icon-chevron-right\"><\/div><\/a>\n    <\/div>\n<\/div>                                <\/div>\n    \n<\/section>\n\n\n<div style=\"height:40px\" aria-hidden=\"true\" id=\"projekt\" class=\"wp-block-spacer\"><\/div>\n\n\n\n<h2 class=\"wp-block-heading alignwide\">Current projects<\/h2>\n\n\n\n<div style=\"height:40px\" aria-hidden=\"true\" class=\"wp-block-spacer\"><\/div>\n\n\n\n<section  class=\"tebab-block-text_columns alignleft\">\n\t<div class=\"contained\">\n\t\t<div class=\"columns\">\n\t\t\t\t\t\t\t<div class=\"column no-image\">\n\t\t\t\t\t\t\t\t\t\t<div class=\"content\">\n\t\t\t\t\t\t<h3 class=\"column-title\">Semiconductor Sweden<\/h3>\n\t\t\t\t\t\t<p class=\"column-text\">Semiconductor Sweden \u00e4r ett  samverkansinitiativ som syftar till att st\u00e4rka Sveriges position inom halvledarsektorn i Europa. M\u00e5let \u00e4r att skapa \u00f6kad samverkan och ett starkt nationellt ekosystem f\u00f6r svenska innovationer och f\u00f6retag inom halvledare. <br \/>\r\n<br \/>\r\nSweden has several highly specialized nodes of expertise in semiconductors and semiconductor materials, but lacks a national coordinator.<br \/>\r\n<br \/>\r\nThe goal is to establish a cohesive organization and a common voice for semiconductor Sweden and for Sweden to eventually become a significant player in Europe within semiconductors, AI and quantum technology.<\/p>\n\t\t\t\t\t\t\t\t\t\t\t\t\t<a href=\"https:\/\/svenskelektronik.se\/fokusomraden\/den-strategiskt-viktiga-halvledarfragan\/\" class=\"column-link button\">\n\t\t\t\t\t\t\t\tRead more\t\t\t\t\t\t\t<\/a>\n\t\t\t\t\t\t\t\t\t\t\t<\/div>\n\t\t\t\t<\/div>\n\t\t\t\t\t\t\t<div class=\"column has-image\">\n\t\t\t\t\t \n\t\t\t\t\t\t<div class=\"image\">\n\t\t\t\t\t\t\t<img loading=\"lazy\" decoding=\"async\" width=\"1024\" height=\"684\" src=\"https:\/\/svenskelektronik.se\/wp-content\/uploads\/2025\/01\/AdobeStock_394995014-1024x684.jpeg\" class=\"attachment-large size-large\" alt=\"\" srcset=\"https:\/\/svenskelektronik.se\/wp-content\/uploads\/2025\/01\/AdobeStock_394995014-1024x684.jpeg 1024w, https:\/\/svenskelektronik.se\/wp-content\/uploads\/2025\/01\/AdobeStock_394995014-300x200.jpeg 300w, https:\/\/svenskelektronik.se\/wp-content\/uploads\/2025\/01\/AdobeStock_394995014-768x513.jpeg 768w, https:\/\/svenskelektronik.se\/wp-content\/uploads\/2025\/01\/AdobeStock_394995014-1536x1025.jpeg 1536w, https:\/\/svenskelektronik.se\/wp-content\/uploads\/2025\/01\/AdobeStock_394995014-2048x1367.jpeg 2048w, https:\/\/svenskelektronik.se\/wp-content\/uploads\/2025\/01\/AdobeStock_394995014-1618x1080.jpeg 1618w\" sizes=\"auto, (max-width: 1024px) 100vw, 1024px\" \/>\t\t\t\t\t\t<\/div>\n\t\t\t\t\t\t\t\t\t\t<div class=\"content\">\n\t\t\t\t\t\t<h3 class=\"column-title\">The production lift<\/h3>\n\t\t\t\t\t\t<p class=\"column-text\">The Production Lift is a national program that aims to strengthen the ability to improve and renew within the manufacturing industry, with the goal of creating conditions for sustained competitiveness and sustainability.<br \/>\r\n <br \/>\r\nParticipating companies are helped to build structures that support development, learning and engagement at all levels. They also get training in putting their new knowledge into action.<br \/>\r\n<br \/>\r\nThe principles of the Production Lift are based on Lean and the starting point is the companies&#039; own conditions and needs. The programs are run according to a working methodology that has been developed gradually based on gained experiences and which aims to inspire and coach companies in their change work.<br \/>\r\n<\/p>\n\t\t\t\t\t\t\t\t\t\t\t\t\t<a href=\"https:\/\/www.produktionslyftet.se\/\" class=\"column-link button\">\n\t\t\t\t\t\t\t\tRead more\t\t\t\t\t\t\t<\/a>\n\t\t\t\t\t\t\t\t\t\t\t<\/div>\n\t\t\t\t<\/div>\n\t\t\t\t\t\t\t<div class=\"column has-image\">\n\t\t\t\t\t \n\t\t\t\t\t\t<div class=\"image\">\n\t\t\t\t\t\t\t<img loading=\"lazy\" decoding=\"async\" width=\"1024\" height=\"683\" src=\"https:\/\/svenskelektronik.se\/wp-content\/uploads\/2025\/01\/pexels-kampus-7289717-1024x683.jpg\" class=\"attachment-large size-large\" alt=\"\" srcset=\"https:\/\/svenskelektronik.se\/wp-content\/uploads\/2025\/01\/pexels-kampus-7289717-1024x683.jpg 1024w, https:\/\/svenskelektronik.se\/wp-content\/uploads\/2025\/01\/pexels-kampus-7289717-300x200.jpg 300w, https:\/\/svenskelektronik.se\/wp-content\/uploads\/2025\/01\/pexels-kampus-7289717-768x512.jpg 768w, https:\/\/svenskelektronik.se\/wp-content\/uploads\/2025\/01\/pexels-kampus-7289717-1536x1024.jpg 1536w, https:\/\/svenskelektronik.se\/wp-content\/uploads\/2025\/01\/pexels-kampus-7289717-2048x1365.jpg 2048w, https:\/\/svenskelektronik.se\/wp-content\/uploads\/2025\/01\/pexels-kampus-7289717-1620x1080.jpg 1620w\" sizes=\"auto, (max-width: 1024px) 100vw, 1024px\" \/>\t\t\t\t\t\t<\/div>\n\t\t\t\t\t\t\t\t\t\t<div class=\"content\">\n\t\t\t\t\t\t<h3 class=\"column-title\">Digital product passports<\/h3>\n\t\t\t\t\t\t<p class=\"column-text\">Svensk Elektronik driver, tillsammans med Cirtag och EG Electronics, det av Vinnova delfinansierade projektet Ecolife Passport &#8211; Avancerad digitalisering f\u00f6r digitala v\u00e4rdekedjor.<br \/>\r\n<br \/>\r\nThe project&#039;s goal is to develop an advanced digital platform for managing Digital Product Passports that meets the EU&#039;s upcoming legal requirements related to sustainable consumption and supporting a circular economy. Svensk Elektronik is committed to developing this advanced AI-based digital solution, as we strive to facilitate directive compliance for our members and for the Electronics Industry. <br \/>\r\n<br \/>\r\nThe solution we are working on in the project aims to reduce waste, extend product lifespan and ensure compliance with environmental regulations by offering a user-friendly interface for both product owners and consumers. <br \/>\r\n<\/p>\n\t\t\t\t\t\t\t\t\t\t\t\t\t<a href=\"https:\/\/commission.europa.eu\/energy-climate-change-environment\/standards-tools-and-labels\/products-labelling-rules-and-requirements\/ecodesign-sustainable-products-regulation_en\" class=\"column-link button\">\n\t\t\t\t\t\t\t\tInformation on the EU website\t\t\t\t\t\t\t<\/a>\n\t\t\t\t\t\t\t\t\t\t\t<\/div>\n\t\t\t\t<\/div>\n\t\t\t\t\t<\/div>\n\t<\/div>\n<\/section>\n\n\n<div style=\"height:60px\" aria-hidden=\"true\" class=\"wp-block-spacer\"><\/div>\n\n\n<section id=\"smartare-elektronik\" class=\"tebab-block-split_screen alignfull image_alignment-right\">\n    <div class=\"contained\">\n        <div class=\"tebab-block-split_screen__image-wrapper\">\n            <img loading=\"lazy\" decoding=\"async\" width=\"836\" height=\"1080\" src=\"https:\/\/svenskelektronik.se\/wp-content\/uploads\/2025\/01\/smartare-elektroniksystem-logo-1-836x1080.png\" class=\"attachment-landscape size-landscape\" alt=\"\" srcset=\"https:\/\/svenskelektronik.se\/wp-content\/uploads\/2025\/01\/smartare-elektroniksystem-logo-1-836x1080.png 836w, https:\/\/svenskelektronik.se\/wp-content\/uploads\/2025\/01\/smartare-elektroniksystem-logo-1-232x300.png 232w, https:\/\/svenskelektronik.se\/wp-content\/uploads\/2025\/01\/smartare-elektroniksystem-logo-1-792x1024.png 792w, https:\/\/svenskelektronik.se\/wp-content\/uploads\/2025\/01\/smartare-elektroniksystem-logo-1-768x993.png 768w, https:\/\/svenskelektronik.se\/wp-content\/uploads\/2025\/01\/smartare-elektroniksystem-logo-1-1188x1536.png 1188w, https:\/\/svenskelektronik.se\/wp-content\/uploads\/2025\/01\/smartare-elektroniksystem-logo-1-1585x2048.png 1585w\" sizes=\"auto, (max-width: 836px) 100vw, 836px\" \/>        <\/div>\n\n        <div class=\"tebab-block-split_screen__content-wrapper\">\n            <h1 style=\"font-weight: 400;\"><strong>Collaboration with Smarter Electronic Systems<\/strong><\/h1>\n<p style=\"font-weight: 400;\">Svensk Elektronik has a close collaboration with the strategic innovation program Smarter Electronics Systems, which is funded by Vinnova, the Swedish Energy Agency and Formas. <a href=\"https:\/\/www.smartareelektroniksystem.se\/\">https:\/\/www.smartareelektroniksystem.se\/<\/a><\/p>\n<p style=\"font-weight: 400;\">Through collaboration in areas that are strategically important for Sweden, the conditions are created for sustainable solutions to global societal challenges and increased international competitiveness.<\/p>\n<p style=\"font-weight: 400;\">Our collaboration spans a wide range of issues important to our industry, primarily within these focus areas:<\/p>\n<ul>\n<li>Collaboration in value chains<\/li>\n<li>Maintain and develop Swedish areas of excellence<\/li>\n<li>Create a more secure supply of skills<\/li>\n<\/ul>\n<p style=\"font-weight: 400;\"><strong>Together we have developed, for example:<\/strong><\/p>\n\n                            <div class=\"tebab-block-split_screen__buttons\">\n                                            <a href=\"https:\/\/svenskelektronik.se\/handbocker\/\" class=\"button primary\" target=\"1\" rel=\"noreferrer\">Electronics manuals<\/a>\n                                            <a href=\"https:\/\/svenskelektronik.se\/dokument\/svensk-elektroniks-agenda-2-0\/\" class=\"button primary\" target=\"1\" rel=\"noreferrer\">Swedish electronics industry agenda 2.0<\/a>\n                                    <\/div>\n            \n        <\/div>\n    <\/div>\n<\/section>\n\n\n<div style=\"height:60px\" aria-hidden=\"true\" class=\"wp-block-spacer\"><\/div>\n\n\n<section id=\"internationellt-samarbete\" class=\"tebab-block-split_screen alignfull image_alignment-left\">\n    <div class=\"contained\">\n        <div class=\"tebab-block-split_screen__image-wrapper\">\n            <img loading=\"lazy\" decoding=\"async\" width=\"1500\" height=\"943\" src=\"https:\/\/svenskelektronik.se\/wp-content\/uploads\/2024\/10\/shutterstock_2316960273_.jpg\" class=\"attachment-landscape size-landscape\" alt=\"\" srcset=\"https:\/\/svenskelektronik.se\/wp-content\/uploads\/2024\/10\/shutterstock_2316960273_.jpg 1500w, https:\/\/svenskelektronik.se\/wp-content\/uploads\/2024\/10\/shutterstock_2316960273_-300x189.jpg 300w, https:\/\/svenskelektronik.se\/wp-content\/uploads\/2024\/10\/shutterstock_2316960273_-1024x644.jpg 1024w, https:\/\/svenskelektronik.se\/wp-content\/uploads\/2024\/10\/shutterstock_2316960273_-768x483.jpg 768w\" sizes=\"auto, (max-width: 1500px) 100vw, 1500px\" \/>        <\/div>\n\n        <div class=\"tebab-block-split_screen__content-wrapper\">\n            <h1>International cooperation<\/h1>\n<p>Svensk Elektronik har i samarbete med branschorganisationen Global Electronics Association och flera andra akt\u00f6rer lanserat Initiativ f\u00f6r kritisk elektronikf\u00f6rs\u00f6rjning, som har presenterats f\u00f6r EU-kommissionen. Detta initiativ syftar till att st\u00e4rka Europas kapacitet inom elektronik och s\u00e4kerst\u00e4lla en robust f\u00f6rs\u00f6rjningskedja.<\/p>\n\n                            <div class=\"tebab-block-split_screen__buttons\">\n                                            <a href=\"https:\/\/svenskelektronik.se\/wp-content\/uploads\/2025\/03\/CalltoActionElectronicsManufacturing.pdf\" class=\"button styled\" target=\"1\" rel=\"noreferrer\">Read more about the initiative<\/a>\n                                    <\/div>\n            \n        <\/div>\n    <\/div>\n<\/section>\n\n\n<div style=\"height:60px\" aria-hidden=\"true\" class=\"wp-block-spacer\"><\/div>\n\n\n\n<p><\/p>","protected":false},"excerpt":{"rendered":"<p>Our mission Svensk Elektronik is Sweden&#039;s leading trade organization for players in industrial electronics. We offer our members opportunities for networking, skills development and collaboration. Sweden needs a strong and internationally competitive electronics industry. Therefore, we need to work together and get involved in the industry&#039;s important issues. Current projects<\/p>","protected":false},"author":1,"featured_media":0,"parent":0,"menu_order":0,"comment_status":"closed","ping_status":"closed","template":"","meta":{"footnotes":""},"class_list":["post-728840","page","type-page","status-publish","hentry"],"acf":[],"_links":{"self":[{"href":"https:\/\/svenskelektronik.se\/en\/wp-json\/wp\/v2\/pages\/728840","targetHints":{"allow":["GET"]}}],"collection":[{"href":"https:\/\/svenskelektronik.se\/en\/wp-json\/wp\/v2\/pages"}],"about":[{"href":"https:\/\/svenskelektronik.se\/en\/wp-json\/wp\/v2\/types\/page"}],"author":[{"embeddable":true,"href":"https:\/\/svenskelektronik.se\/en\/wp-json\/wp\/v2\/users\/1"}],"replies":[{"embeddable":true,"href":"https:\/\/svenskelektronik.se\/en\/wp-json\/wp\/v2\/comments?post=728840"}],"version-history":[{"count":60,"href":"https:\/\/svenskelektronik.se\/en\/wp-json\/wp\/v2\/pages\/728840\/revisions"}],"predecessor-version":[{"id":740273,"href":"https:\/\/svenskelektronik.se\/en\/wp-json\/wp\/v2\/pages\/728840\/revisions\/740273"}],"wp:attachment":[{"href":"https:\/\/svenskelektronik.se\/en\/wp-json\/wp\/v2\/media?parent=728840"}],"curies":[{"name":"wp","href":"https:\/\/api.w.org\/{rel}","templated":true}]}}