{"id":728842,"date":"2024-03-24T21:49:09","date_gmt":"2024-03-24T21:49:09","guid":{"rendered":"https:\/\/svenskelektronik.acrowd.se\/?page_id=728842"},"modified":"2026-01-19T12:51:15","modified_gmt":"2026-01-19T12:51:15","slug":"svensk-elektronik","status":"publish","type":"page","link":"https:\/\/svenskelektronik.se\/en\/svensk-elektronik\/","title":{"rendered":"Swedish electronics industry"},"content":{"rendered":"<section  class=\"tebab-block-hero alignfull\" style=\"--heading-color: #ffffff;\">\n\n    <img loading=\"lazy\" decoding=\"async\" width=\"1920\" height=\"755\" src=\"https:\/\/svenskelektronik.se\/wp-content\/uploads\/2024\/04\/shutterstock_2166690497-1920x755.jpg\" class=\"attachment-landscape size-landscape\" alt=\"\" srcset=\"https:\/\/svenskelektronik.se\/wp-content\/uploads\/2024\/04\/shutterstock_2166690497-1920x755.jpg 1920w, https:\/\/svenskelektronik.se\/wp-content\/uploads\/2024\/04\/shutterstock_2166690497-300x118.jpg 300w, https:\/\/svenskelektronik.se\/wp-content\/uploads\/2024\/04\/shutterstock_2166690497-1024x403.jpg 1024w, https:\/\/svenskelektronik.se\/wp-content\/uploads\/2024\/04\/shutterstock_2166690497-768x302.jpg 768w, https:\/\/svenskelektronik.se\/wp-content\/uploads\/2024\/04\/shutterstock_2166690497-1536x604.jpg 1536w, https:\/\/svenskelektronik.se\/wp-content\/uploads\/2024\/04\/shutterstock_2166690497-2048x805.jpg 2048w\" sizes=\"auto, (max-width: 1920px) 100vw, 1920px\" \/>\n    <div class=\"contained\">\n                <h1 class=\"tebab-block-hero__heading\">\n            World-class Swedish Electronics          <\/h1>\n\n            <\/div>\n<\/section>\n\n\n<div style=\"height:60px\" aria-hidden=\"true\" class=\"wp-block-spacer\"><\/div>\n\n\n\n<h1 class=\"wp-block-heading has-text-align-center\"><strong>We build the future \u2013 one component at a time<\/strong><\/h1>\n\n\n\n<div class=\"wp-block-group is-layout-constrained wp-container-core-group-is-layout-1d6f4e6b wp-block-group-is-layout-constrained\">\n<div class=\"wp-block-columns is-layout-flex wp-container-core-columns-is-layout-9d6595d7 wp-block-columns-is-layout-flex\">\n<div class=\"wp-block-column is-layout-flow wp-block-column-is-layout-flow\" style=\"flex-basis:100%\">\n<p class=\"has-text-align-center\">Sweden is at the forefront as a leading industrial country, thanks to our innovative development in electronic systems that power the products and services of the future. These systems are not only the core of today&#039;s technology, but also the key to continued growth in a variety of industries.<\/p>\n\n\n\n<p class=\"has-text-align-center\">As digitalization and electrification grow stronger, Sweden plays a crucial role in shaping tomorrow&#039;s society. Our ability to develop groundbreaking components and conduct world-leading research means that we are at the forefront of the green transition \u2013 a transition that is not only necessary, but a huge opportunity for both industry and society at large.<\/p>\n<\/div>\n<\/div>\n<\/div>\n\n\n\n<div style=\"height:30px\" aria-hidden=\"true\" class=\"wp-block-spacer\"><\/div>\n\n\n<section  class=\"tebab-block-split_screen alignfull image_alignment-right\">\n    <div class=\"contained\">\n        <div class=\"tebab-block-split_screen__image-wrapper\">\n            <img loading=\"lazy\" decoding=\"async\" width=\"1618\" height=\"1080\" src=\"https:\/\/svenskelektronik.se\/wp-content\/uploads\/2024\/02\/shutterstock_784547029-1618x1080.jpg\" class=\"attachment-landscape size-landscape\" alt=\"\" srcset=\"https:\/\/svenskelektronik.se\/wp-content\/uploads\/2024\/02\/shutterstock_784547029-1618x1080.jpg 1618w, https:\/\/svenskelektronik.se\/wp-content\/uploads\/2024\/02\/shutterstock_784547029-300x200.jpg 300w, https:\/\/svenskelektronik.se\/wp-content\/uploads\/2024\/02\/shutterstock_784547029-1024x684.jpg 1024w, https:\/\/svenskelektronik.se\/wp-content\/uploads\/2024\/02\/shutterstock_784547029-768x513.jpg 768w, https:\/\/svenskelektronik.se\/wp-content\/uploads\/2024\/02\/shutterstock_784547029-1536x1025.jpg 1536w, https:\/\/svenskelektronik.se\/wp-content\/uploads\/2024\/02\/shutterstock_784547029.jpg 2000w\" sizes=\"auto, (max-width: 1618px) 100vw, 1618px\" \/>        <\/div>\n\n        <div class=\"tebab-block-split_screen__content-wrapper\">\n            <h1><span data-contrast=\"none\"><b>Become part of the industry<\/b><\/span><\/h1>\n<p>&nbsp;<\/p>\n<p>The Swedish electronics industry and technical professions are something for everyone. If you want to contribute to a green future and to innovations that simplify people&#039;s lives, our industry is the right place to start. There are many career opportunities in our industry, both in large and small companies and through your own business.<\/p>\n<p>&nbsp;<\/p>\n\n                            <div class=\"tebab-block-split_screen__buttons\">\n                                            <a href=\"https:\/\/svenskelektronik.se\/wp-content\/uploads\/2024\/10\/Presentation-om-SE-for-Framtidsvalet-2024_mall.pdf\" class=\"button primary\" target=\"\" rel=\"noreferrer\">Industry presentation for SYV and students<\/a>\n                                            <a href=\"https:\/\/www.framtidsvalet.se\/branscher\/svensk-elektronik\/\" class=\"button outlined\" target=\"\" rel=\"noreferrer\">Swedish Electronics at Framtidsvalet.se<\/a>\n                                    <\/div>\n            \n        <\/div>\n    <\/div>\n<\/section>\n\n\n<div style=\"height:60px\" aria-hidden=\"true\" class=\"wp-block-spacer\"><\/div>\n\n\n<section  class=\"tebab-block-split_screen alignfull image_alignment-left\">\n    <div class=\"contained\">\n        <div class=\"tebab-block-split_screen__image-wrapper\">\n            <img loading=\"lazy\" decoding=\"async\" width=\"1080\" height=\"1080\" src=\"https:\/\/svenskelektronik.se\/wp-content\/uploads\/2024\/05\/Elektronikgenda_FINAL_231023-1-1080x1080.png\" class=\"attachment-landscape size-landscape\" alt=\"\" srcset=\"https:\/\/svenskelektronik.se\/wp-content\/uploads\/2024\/05\/Elektronikgenda_FINAL_231023-1-1080x1080.png 1080w, https:\/\/svenskelektronik.se\/wp-content\/uploads\/2024\/05\/Elektronikgenda_FINAL_231023-1-300x300.png 300w, https:\/\/svenskelektronik.se\/wp-content\/uploads\/2024\/05\/Elektronikgenda_FINAL_231023-1-1024x1024.png 1024w, https:\/\/svenskelektronik.se\/wp-content\/uploads\/2024\/05\/Elektronikgenda_FINAL_231023-1-150x150.png 150w, https:\/\/svenskelektronik.se\/wp-content\/uploads\/2024\/05\/Elektronikgenda_FINAL_231023-1-768x768.png 768w, https:\/\/svenskelektronik.se\/wp-content\/uploads\/2024\/05\/Elektronikgenda_FINAL_231023-1-1536x1536.png 1536w, https:\/\/svenskelektronik.se\/wp-content\/uploads\/2024\/05\/Elektronikgenda_FINAL_231023-1-2048x2048.png 2048w\" sizes=\"auto, (max-width: 1080px) 100vw, 1080px\" \/>        <\/div>\n\n        <div class=\"tebab-block-split_screen__content-wrapper\">\n            <div class=\"page\" title=\"Page 1\">\n<div class=\"layoutArea\">\n<div class=\"column\">\n<div class=\"page\" title=\"Page 1\">\n<div class=\"layoutArea\">\n<div class=\"column\">\n<h1>Swedish electronics<br \/>\n\u2013 a leader in the green transition<\/h1>\n<\/div>\n<\/div>\n<\/div>\n<\/div>\n<\/div>\n<\/div>\n<div class=\"page\" title=\"Page 2\">\n<div class=\"section\">\n<div class=\"layoutArea\">\n<div class=\"column\">\n<p>The Swedish electronics industry is a key player in the transition to a digital and sustainable future. By 2036, Sweden will be a leader in the green transition within the European electronics industry. This agenda shows the way.<\/p>\n<\/div>\n<\/div>\n<\/div>\n<\/div>\n<h1><span data-ccp-props=\"{}\">\u00a0<\/span><\/h1>\n\n                            <div class=\"tebab-block-split_screen__buttons\">\n                                            <a href=\"https:\/\/svenskelektronik.se\/dokument\/svensk-elektroniks-agenda-2-0\/\" class=\"button primary\" target=\"\" rel=\"noreferrer\">Swedish electronics industry agenda 2.0<\/a>\n                                    <\/div>\n            \n        <\/div>\n    <\/div>\n<\/section>\n\n\n<div style=\"height:60px\" aria-hidden=\"true\" class=\"wp-block-spacer\"><\/div>\n\n\n\n<blockquote class=\"wp-block-quote is-layout-flow wp-block-quote-is-layout-flow\">\n<p><\/p>\n<\/blockquote>","protected":false},"excerpt":{"rendered":"<p>Vi bygger framtiden \u2013 en komponent i taget Sverige st\u00e5r i framkant som ett ledande industriland, tack vare v\u00e5r innovativa utveckling inom elektroniksystem som driver framtidens produkter och tj\u00e4nster. Dessa system \u00e4r inte bara k\u00e4rnan i dagens teknologi, utan ocks\u00e5 nyckeln till fortsatt tillv\u00e4xt inom en rad olika branscher. N\u00e4r digitaliseringen och elektrifieringen v\u00e4xer sig [&hellip;]<\/p>\n","protected":false},"author":1,"featured_media":0,"parent":0,"menu_order":0,"comment_status":"closed","ping_status":"closed","template":"","meta":{"footnotes":""},"class_list":["post-728842","page","type-page","status-publish","hentry"],"acf":[],"_links":{"self":[{"href":"https:\/\/svenskelektronik.se\/en\/wp-json\/wp\/v2\/pages\/728842","targetHints":{"allow":["GET"]}}],"collection":[{"href":"https:\/\/svenskelektronik.se\/en\/wp-json\/wp\/v2\/pages"}],"about":[{"href":"https:\/\/svenskelektronik.se\/en\/wp-json\/wp\/v2\/types\/page"}],"author":[{"embeddable":true,"href":"https:\/\/svenskelektronik.se\/en\/wp-json\/wp\/v2\/users\/1"}],"replies":[{"embeddable":true,"href":"https:\/\/svenskelektronik.se\/en\/wp-json\/wp\/v2\/comments?post=728842"}],"version-history":[{"count":34,"href":"https:\/\/svenskelektronik.se\/en\/wp-json\/wp\/v2\/pages\/728842\/revisions"}],"predecessor-version":[{"id":739635,"href":"https:\/\/svenskelektronik.se\/en\/wp-json\/wp\/v2\/pages\/728842\/revisions\/739635"}],"wp:attachment":[{"href":"https:\/\/svenskelektronik.se\/en\/wp-json\/wp\/v2\/media?parent=728842"}],"curies":[{"name":"wp","href":"https:\/\/api.w.org\/{rel}","templated":true}]}}