{"id":729009,"date":"2024-05-12T20:48:42","date_gmt":"2024-05-12T20:48:42","guid":{"rendered":"https:\/\/svenskelektronik.acrowd.se\/?page_id=729009"},"modified":"2026-01-25T12:01:46","modified_gmt":"2026-01-25T12:01:46","slug":"for-medlemmar","status":"publish","type":"page","link":"https:\/\/svenskelektronik.se\/en\/for-medlemmar\/","title":{"rendered":"For members"},"content":{"rendered":"<section  class=\"tebab-block-hero alignfull\" style=\"--heading-color: #ffffff;\">\n\n    <img loading=\"lazy\" decoding=\"async\" width=\"1620\" height=\"1080\" src=\"https:\/\/svenskelektronik.se\/wp-content\/uploads\/2024\/04\/pexels-anton-belitskiy--1620x1080.jpg\" class=\"attachment-landscape size-landscape\" alt=\"\" srcset=\"https:\/\/svenskelektronik.se\/wp-content\/uploads\/2024\/04\/pexels-anton-belitskiy--1620x1080.jpg 1620w, https:\/\/svenskelektronik.se\/wp-content\/uploads\/2024\/04\/pexels-anton-belitskiy--300x200.jpg 300w, https:\/\/svenskelektronik.se\/wp-content\/uploads\/2024\/04\/pexels-anton-belitskiy--1024x683.jpg 1024w, https:\/\/svenskelektronik.se\/wp-content\/uploads\/2024\/04\/pexels-anton-belitskiy--768x512.jpg 768w, https:\/\/svenskelektronik.se\/wp-content\/uploads\/2024\/04\/pexels-anton-belitskiy--1536x1024.jpg 1536w, https:\/\/svenskelektronik.se\/wp-content\/uploads\/2024\/04\/pexels-anton-belitskiy--2048x1365.jpg 2048w\" sizes=\"auto, (max-width: 1620px) 100vw, 1620px\" \/>\n    <div class=\"contained\">\n                <h1 class=\"tebab-block-hero__heading\">\n            For the Swedish electronics industry        <\/h1>\n\n                    <div class=\"tebab-block-hero__buttons\">\n                                    <a href=\"\/om_oss\/medlemskap\/#medlemsformaner\" class=\"button styled\" target=\"\" rel=\"noreferrer\">Member benefits<\/a>\n                                    <a href=\"\/evenemang\/\" class=\"button primary\" target=\"\" rel=\"noreferrer\">Calendar<\/a>\n                            <\/div>\n            <\/div>\n<\/section>\n\n\n<div style=\"height:86px\" aria-hidden=\"true\" class=\"wp-block-spacer\"><\/div>\n\n\n<section  class=\"tebab-block-split_screen alignfull image_alignment-left\">\n    <div class=\"contained\">\n        <div class=\"tebab-block-split_screen__image-wrapper\">\n                    <\/div>\n\n        <div class=\"tebab-block-split_screen__content-wrapper\">\n            <h1 style=\"font-weight: 400;\"><strong>We monitor the world for our members<\/strong><\/h1>\n<p style=\"font-weight: 400;\">Svensk Elektronik&#039;s global monitoring gives members an overview of regulations, government initiatives and the industry as a whole.<\/p>\n<ul>\n<li>Cost-effective and time-saving \u2013 we monitor the world for our members<\/li>\n<li>Risk minimization \u2013 we make it easy for our members to do the right thing<\/li>\n<li>Regular monitoring of relevant issues, laws and directives relating to the industry<\/li>\n<li>Monitoring through Lagpunkten<\/li>\n<li>Project group for directives and regulations<\/li>\n<li>Continuous insights into current issues<\/li>\n<li>Regular contact with the Swedish Technology Companies, the Swedish Environmental Protection Agency, the Swedish Chemicals Agency, ministries, Vinnova, etc.<\/li>\n<li>Runs the strategic innovation program Smarter Electronic Systems<\/li>\n<li>Activities<\/li>\n<li>Directive Day<\/li>\n<li>Newsletter<\/li>\n<li>Homepage<\/li>\n<li>Team list<\/li>\n<li>Training and seminars<\/li>\n<\/ul>\n\n            \n        <\/div>\n    <\/div>\n<\/section>\n\n\n<div style=\"height:100px\" aria-hidden=\"true\" id=\"medlemsinternt\" class=\"wp-block-spacer\"><\/div>\n\n\n\n<h1 class=\"wp-block-heading has-text-align-center\"><strong>We are rebuilding the member-internal pages<\/strong><\/h1>\n\n\n\n<p class=\"has-text-align-center\">We are currently rebuilding our member-internal pages and therefore it is not possible to log in. We hope to have a solution in place in 2026.<br><br>If you are a member looking for specific documents, we can of course help you. In that case, please send an email to <a href=\"mailto:info@svenskelektronik.com\">info@svenskelektronik.com<\/a>.<\/p>\n\n\n\n<div style=\"height:100px\" aria-hidden=\"true\" id=\"handbocker\" class=\"wp-block-spacer\"><\/div>\n\n\n\n<section  class=\"tebab-block-text_columns alignfull\">\n\t<div class=\"contained\">\n\t\t<div class=\"columns\">\n\t\t\t\t\t\t\t<div class=\"column has-image\">\n\t\t\t\t\t \n\t\t\t\t\t\t<div class=\"image\">\n\t\t\t\t\t\t\t<img loading=\"lazy\" decoding=\"async\" width=\"1024\" height=\"546\" src=\"https:\/\/svenskelektronik.se\/wp-content\/uploads\/2024\/10\/handbocker_smartare_elektroniksystem-1024x546.png\" class=\"attachment-large size-large\" alt=\"\" srcset=\"https:\/\/svenskelektronik.se\/wp-content\/uploads\/2024\/10\/handbocker_smartare_elektroniksystem-1024x546.png 1024w, https:\/\/svenskelektronik.se\/wp-content\/uploads\/2024\/10\/handbocker_smartare_elektroniksystem-300x160.png 300w, https:\/\/svenskelektronik.se\/wp-content\/uploads\/2024\/10\/handbocker_smartare_elektroniksystem-768x410.png 768w, https:\/\/svenskelektronik.se\/wp-content\/uploads\/2024\/10\/handbocker_smartare_elektroniksystem.png 1500w\" sizes=\"auto, (max-width: 1024px) 100vw, 1024px\" \/>\t\t\t\t\t\t<\/div>\n\t\t\t\t\t\t\t\t\t\t<div class=\"content\">\n\t\t\t\t\t\t<h3 class=\"column-title\">Manuals and manual courses<\/h3>\n\t\t\t\t\t\t<p class=\"column-text\">The first version of the Smarter Electronics Handbook was released in 2017 and the response from companies in the Swedish electronics industry was very positive.<br \/>\r\n<br \/>\r\nThe purpose of the handbooks is to simplify communication between different players in the industry.<br \/>\r\n<br \/>\r\nSvensk Elektronik also offers manual courses to member companies.<br \/>\r\n<br \/>\r\nEtt tips \u00e4r att anv\u00e4nda AI-chatfunktionen p\u00e5 denna webbplats f\u00f6r att enkelt s\u00f6ka i inneh\u00e5llet i handb\u00f6ckerna.<\/p>\n\t\t\t\t\t\t\t\t\t\t\t\t\t<a href=\"https:\/\/svenskelektronik.se\/handbocker\/\" class=\"column-link button\">\n\t\t\t\t\t\t\t\tRead more\t\t\t\t\t\t\t<\/a>\n\t\t\t\t\t\t\t\t\t\t\t<\/div>\n\t\t\t\t<\/div>\n\t\t\t\t\t\t\t<div class=\"column has-image\">\n\t\t\t\t\t \n\t\t\t\t\t\t<div class=\"image\">\n\t\t\t\t\t\t\t<img loading=\"lazy\" decoding=\"async\" width=\"1000\" height=\"667\" src=\"https:\/\/svenskelektronik.se\/wp-content\/uploads\/2024\/05\/shutterstock_2221901767.jpg\" class=\"attachment-large size-large\" alt=\"\" srcset=\"https:\/\/svenskelektronik.se\/wp-content\/uploads\/2024\/05\/shutterstock_2221901767.jpg 1000w, https:\/\/svenskelektronik.se\/wp-content\/uploads\/2024\/05\/shutterstock_2221901767-300x200.jpg 300w, https:\/\/svenskelektronik.se\/wp-content\/uploads\/2024\/05\/shutterstock_2221901767-768x512.jpg 768w\" sizes=\"auto, (max-width: 1000px) 100vw, 1000px\" \/>\t\t\t\t\t\t<\/div>\n\t\t\t\t\t\t\t\t\t\t<div class=\"content\">\n\t\t\t\t\t\t<h3 class=\"column-title\">Directives and regulations<\/h3>\n\t\t\t\t\t\t<p class=\"column-text\">Here is an overview of important directives and regulations, with links to more information.<br \/>\r\n<br \/>\r\n<br \/>\r\n<br \/>\r\n<br \/>\r\n<\/p>\n\t\t\t\t\t\t\t\t\t\t\t\t\t<a href=\"https:\/\/svenskelektronik.se\/oversikt-direktiv-och-regler\/\" class=\"column-link button\">\n\t\t\t\t\t\t\t\tRead more\t\t\t\t\t\t\t<\/a>\n\t\t\t\t\t\t\t\t\t\t\t<\/div>\n\t\t\t\t<\/div>\n\t\t\t\t\t\t\t<div class=\"column has-image\">\n\t\t\t\t\t \n\t\t\t\t\t\t<div class=\"image\">\n\t\t\t\t\t\t\t<img loading=\"lazy\" decoding=\"async\" width=\"1024\" height=\"576\" src=\"https:\/\/svenskelektronik.se\/wp-content\/uploads\/2024\/05\/shutterstock_1351720982-1024x576.jpg\" class=\"attachment-large size-large\" alt=\"\" srcset=\"https:\/\/svenskelektronik.se\/wp-content\/uploads\/2024\/05\/shutterstock_1351720982-1024x576.jpg 1024w, https:\/\/svenskelektronik.se\/wp-content\/uploads\/2024\/05\/shutterstock_1351720982-300x169.jpg 300w, https:\/\/svenskelektronik.se\/wp-content\/uploads\/2024\/05\/shutterstock_1351720982-768x432.jpg 768w, https:\/\/svenskelektronik.se\/wp-content\/uploads\/2024\/05\/shutterstock_1351720982-1536x864.jpg 1536w, https:\/\/svenskelektronik.se\/wp-content\/uploads\/2024\/05\/shutterstock_1351720982-2048x1152.jpg 2048w, https:\/\/svenskelektronik.se\/wp-content\/uploads\/2024\/05\/shutterstock_1351720982-1920x1080.jpg 1920w\" sizes=\"auto, (max-width: 1024px) 100vw, 1024px\" \/>\t\t\t\t\t\t<\/div>\n\t\t\t\t\t\t\t\t\t\t<div class=\"content\">\n\t\t\t\t\t\t<h3 class=\"column-title\">Focus groups<\/h3>\n\t\t\t\t\t\t<p class=\"column-text\">Svensk Elektronik has various focus groups where we meet with representatives of the industry and collect feedback to pursue various issues, both nationally and within the EU.<br \/>\r\n<br \/>\r\nWould you like to be part of one of our focus groups? Let us know!  <br \/>\r\n<br \/>\r\n<\/p>\n\t\t\t\t\t\t\t\t\t\t\t\t\t<a href=\"\/kontakta-oss\" class=\"column-link button\">\n\t\t\t\t\t\t\t\tContact us\t\t\t\t\t\t\t<\/a>\n\t\t\t\t\t\t\t\t\t\t\t<\/div>\n\t\t\t\t<\/div>\n\t\t\t\t\t<\/div>\n\t<\/div>\n<\/section>\n\n\n<div style=\"height:100px\" aria-hidden=\"true\" id=\"samlingsplatser\" class=\"wp-block-spacer\"><\/div>\n\n\n\n<h2 class=\"wp-block-heading alignwide\">Gathering places<\/h2>\n\n\n\n<div style=\"height:40px\" aria-hidden=\"true\" class=\"wp-block-spacer\"><\/div>\n\n\n\n<section  class=\"tebab-block-text_columns alignfull\">\n\t<div class=\"contained\">\n\t\t<div class=\"columns\">\n\t\t\t\t\t\t\t<div class=\"column has-image\">\n\t\t\t\t\t \n\t\t\t\t\t\t<div class=\"image\">\n\t\t\t\t\t\t\t<img loading=\"lazy\" decoding=\"async\" width=\"500\" height=\"500\" src=\"https:\/\/svenskelektronik.se\/wp-content\/uploads\/2024\/10\/BG_new.jpg\" class=\"attachment-large size-large\" alt=\"\" srcset=\"https:\/\/svenskelektronik.se\/wp-content\/uploads\/2024\/10\/BG_new.jpg 500w, https:\/\/svenskelektronik.se\/wp-content\/uploads\/2024\/10\/BG_new-300x300.jpg 300w, https:\/\/svenskelektronik.se\/wp-content\/uploads\/2024\/10\/BG_new-150x150.jpg 150w\" sizes=\"auto, (max-width: 500px) 100vw, 500px\" \/>\t\t\t\t\t\t<\/div>\n\t\t\t\t\t\t\t\t\t\t<div class=\"content\">\n\t\t\t\t\t\t<h3 class=\"column-title\">Electronics Fair<\/h3>\n\t\t\t\t\t\t<p class=\"column-text\">Every year, the Swedish Electronics Fair Stockholm is arranged in collaboration with Easyfairs. <br \/>\r\n<br \/>\r\nThe fair brings together industry professionals, innovators and electronics enthusiasts. Everything in electronics is showcased on site, from the latest technology to thousands of electronics products. The fair also offers lectures, workshops and networking opportunities, making it an important platform for knowledge exchange and business relationships.<\/p>\n\t\t\t\t\t\t\t\t\t\t\t\t\t<a href=\"https:\/\/www.elektronikmassansthlm.se\/sv\/\" class=\"column-link button\">\n\t\t\t\t\t\t\t\tElectronics Fair\t\t\t\t\t\t\t<\/a>\n\t\t\t\t\t\t\t\t\t\t\t<\/div>\n\t\t\t\t<\/div>\n\t\t\t\t\t\t\t<div class=\"column has-image\">\n\t\t\t\t\t \n\t\t\t\t\t\t<div class=\"image\">\n\t\t\t\t\t\t\t<img loading=\"lazy\" decoding=\"async\" width=\"1024\" height=\"569\" src=\"https:\/\/svenskelektronik.se\/wp-content\/uploads\/2025\/11\/Stora-Elekronikdagen-2025-1024x569.png\" class=\"attachment-large size-large\" alt=\"\" srcset=\"https:\/\/svenskelektronik.se\/wp-content\/uploads\/2025\/11\/Stora-Elekronikdagen-2025-1024x569.png 1024w, https:\/\/svenskelektronik.se\/wp-content\/uploads\/2025\/11\/Stora-Elekronikdagen-2025-300x167.png 300w, https:\/\/svenskelektronik.se\/wp-content\/uploads\/2025\/11\/Stora-Elekronikdagen-2025-768x427.png 768w, https:\/\/svenskelektronik.se\/wp-content\/uploads\/2025\/11\/Stora-Elekronikdagen-2025-1536x854.png 1536w, https:\/\/svenskelektronik.se\/wp-content\/uploads\/2025\/11\/Stora-Elekronikdagen-2025-18x10.png 18w, https:\/\/svenskelektronik.se\/wp-content\/uploads\/2025\/11\/Stora-Elekronikdagen-2025.png 1888w\" sizes=\"auto, (max-width: 1024px) 100vw, 1024px\" \/>\t\t\t\t\t\t<\/div>\n\t\t\t\t\t\t\t\t\t\t<div class=\"content\">\n\t\t\t\t\t\t<h3 class=\"column-title\">Great Electronics Day<\/h3>\n\t\t\t\t\t\t<p class=\"column-text\">At Stora Elektronikdagen, the entire industry gathers to network and discuss current issues within the electronics industry. <br \/>\r\n<br \/>\r\nThe event is organized by Svensk Elektronik and Smartare Elektroniksystem.<br \/>\r\n<br \/>\r\nDid you miss the last Big Electronics Day? A recording of the entire day can be seen below.<\/p>\n\t\t\t\t\t\t\t\t\t\t\t\t\t<a href=\"https:\/\/youtu.be\/oBKCJ2AUgXQ?si=5ky15Q4mFFxvckIf\" class=\"column-link button\">\n\t\t\t\t\t\t\t\tBig Electronics Day on Youtube\t\t\t\t\t\t\t<\/a>\n\t\t\t\t\t\t\t\t\t\t\t<\/div>\n\t\t\t\t<\/div>\n\t\t\t\t\t<\/div>\n\t<\/div>\n<\/section>\n\n\n<div style=\"height:80px\" aria-hidden=\"true\" class=\"wp-block-spacer\"><\/div>","protected":false},"excerpt":{"rendered":"<p>We are rebuilding the member-internal pages. We are currently rebuilding our member-internal pages and therefore it is not possible to log in. We hope to have a solution in place in 2026. If you are a member looking for some specific documents, we can of course help you. In that case, send an email to info@svenskelektronik.com. Meeting places<\/p>","protected":false},"author":1,"featured_media":0,"parent":0,"menu_order":0,"comment_status":"closed","ping_status":"closed","template":"","meta":{"footnotes":""},"class_list":["post-729009","page","type-page","status-publish","hentry"],"acf":[],"_links":{"self":[{"href":"https:\/\/svenskelektronik.se\/en\/wp-json\/wp\/v2\/pages\/729009","targetHints":{"allow":["GET"]}}],"collection":[{"href":"https:\/\/svenskelektronik.se\/en\/wp-json\/wp\/v2\/pages"}],"about":[{"href":"https:\/\/svenskelektronik.se\/en\/wp-json\/wp\/v2\/types\/page"}],"author":[{"embeddable":true,"href":"https:\/\/svenskelektronik.se\/en\/wp-json\/wp\/v2\/users\/1"}],"replies":[{"embeddable":true,"href":"https:\/\/svenskelektronik.se\/en\/wp-json\/wp\/v2\/comments?post=729009"}],"version-history":[{"count":58,"href":"https:\/\/svenskelektronik.se\/en\/wp-json\/wp\/v2\/pages\/729009\/revisions"}],"predecessor-version":[{"id":739664,"href":"https:\/\/svenskelektronik.se\/en\/wp-json\/wp\/v2\/pages\/729009\/revisions\/739664"}],"wp:attachment":[{"href":"https:\/\/svenskelektronik.se\/en\/wp-json\/wp\/v2\/media?parent=729009"}],"curies":[{"name":"wp","href":"https:\/\/api.w.org\/{rel}","templated":true}]}}