{"id":738285,"date":"2025-01-06T00:12:50","date_gmt":"2025-01-06T00:12:50","guid":{"rendered":"https:\/\/svenskelektronik.acrowd.se\/?page_id=738285"},"modified":"2025-10-13T19:33:54","modified_gmt":"2025-10-13T19:33:54","slug":"sektioner","status":"publish","type":"page","link":"https:\/\/svenskelektronik.se\/en\/sektioner\/","title":{"rendered":"Sections &amp; forums"},"content":{"rendered":"<section  class=\"tebab-block-hero alignfull\" style=\"--heading-color: #ffffff;\">\n\n    <img loading=\"lazy\" decoding=\"async\" width=\"1375\" height=\"1080\" src=\"https:\/\/svenskelektronik.se\/wp-content\/uploads\/2025\/01\/random-thinking-A8hrsZWRWj4-unsplash-1-1375x1080.jpg\" class=\"attachment-landscape size-landscape\" alt=\"\" srcset=\"https:\/\/svenskelektronik.se\/wp-content\/uploads\/2025\/01\/random-thinking-A8hrsZWRWj4-unsplash-1-1375x1080.jpg 1375w, https:\/\/svenskelektronik.se\/wp-content\/uploads\/2025\/01\/random-thinking-A8hrsZWRWj4-unsplash-1-300x236.jpg 300w, https:\/\/svenskelektronik.se\/wp-content\/uploads\/2025\/01\/random-thinking-A8hrsZWRWj4-unsplash-1-1024x805.jpg 1024w, https:\/\/svenskelektronik.se\/wp-content\/uploads\/2025\/01\/random-thinking-A8hrsZWRWj4-unsplash-1-768x603.jpg 768w, https:\/\/svenskelektronik.se\/wp-content\/uploads\/2025\/01\/random-thinking-A8hrsZWRWj4-unsplash-1-1536x1207.jpg 1536w, https:\/\/svenskelektronik.se\/wp-content\/uploads\/2025\/01\/random-thinking-A8hrsZWRWj4-unsplash-1-2048x1609.jpg 2048w\" sizes=\"auto, (max-width: 1375px) 100vw, 1375px\" \/>\n    <div class=\"contained\">\n                <h1 class=\"tebab-block-hero__heading\">\n            Sections &amp; forums        <\/h1>\n\n                    <div class=\"tebab-block-hero__buttons\">\n                                    <a href=\"\/medlemskap\" class=\"button styled\" target=\"1\" rel=\"noreferrer\">Become a member of Swedish Electronics<\/a>\n                                    <a href=\"\/kontakta-oss\/\" class=\"button primary\" target=\"1\" rel=\"noreferrer\">Contact us<\/a>\n                            <\/div>\n            <\/div>\n<\/section>\n\n\n<div style=\"height:50px\" aria-hidden=\"true\" class=\"wp-block-spacer\"><\/div>\n\n\n\n<p class=\"has-text-align-left\"><strong>To utilize the professional network that the association offers, we make sure to meet in different groups. It is in creative meetings that we can create opportunities and solutions that strengthen our member companies and the industry as a whole. Under Sections, members gather according to their activities, with the aim of focusing on issues of particular interest to the group.<\/strong><\/p>\n\n\n\n<div style=\"height:50px\" aria-hidden=\"true\" class=\"wp-block-spacer\"><\/div>\n\n\n<section id=\"ICT\" class=\"tebab-block-split_screen alignwide image_alignment-left\">\n    <div class=\"contained\">\n        <div class=\"tebab-block-split_screen__image-wrapper\">\n            <img loading=\"lazy\" decoding=\"async\" width=\"1792\" height=\"1008\" src=\"https:\/\/svenskelektronik.se\/wp-content\/uploads\/2025\/01\/ICT-in-the-field-of-renewable-energy-storage.jpg\" class=\"attachment-landscape size-landscape\" alt=\"\" srcset=\"https:\/\/svenskelektronik.se\/wp-content\/uploads\/2025\/01\/ICT-in-the-field-of-renewable-energy-storage.jpg 1792w, https:\/\/svenskelektronik.se\/wp-content\/uploads\/2025\/01\/ICT-in-the-field-of-renewable-energy-storage-300x169.jpg 300w, https:\/\/svenskelektronik.se\/wp-content\/uploads\/2025\/01\/ICT-in-the-field-of-renewable-energy-storage-1024x576.jpg 1024w, https:\/\/svenskelektronik.se\/wp-content\/uploads\/2025\/01\/ICT-in-the-field-of-renewable-energy-storage-768x432.jpg 768w, https:\/\/svenskelektronik.se\/wp-content\/uploads\/2025\/01\/ICT-in-the-field-of-renewable-energy-storage-1536x864.jpg 1536w\" sizes=\"auto, (max-width: 1792px) 100vw, 1792px\" \/>        <\/div>\n\n        <div class=\"tebab-block-split_screen__content-wrapper\">\n            <h1 style=\"font-weight: 400;\"><strong>ICT Energy<\/strong><\/h1>\n<p>The ICT Energy team, supported by Svensk Elektronik is an open section, dedicated to support companies active in Sweden and the Nordics.<\/p>\n<p>We help sharing information of latest technologies and trends to make sure Nordic companies active in the ICT Energy field will remain strong and competitive.<\/p>\n<p>Target members and audience are suppliers, users, service providers, consultants, and others active in the following areas of the ICT industry:<\/p>\n<ul>\n<li>Generation of energy locally (eg diesel generators, solar panels)<\/li>\n<li>Power and voltage conversion (rectifiers, inverters, UPS, DC\/DC converters etc)<\/li>\n<li>Energy storage (eg batteries, fuel cells)<\/li>\n<li>AC or DC power supply (eg distribution units, fuse panels)<\/li>\n<li>Management, monitoring, and optimization of the energy supply of ICT systems<\/li>\n<li>Electrical safety, grounding, lightning protection<\/li>\n<\/ul>\n<p>&nbsp;<\/p>\n\n            \n        <\/div>\n    <\/div>\n<\/section>\n\n\n<div style=\"height:15px\" aria-hidden=\"true\" class=\"wp-block-spacer\"><\/div>\n\n\n\n<div class=\"wp-block-group alignwide tebab-form-image is-content-justification-left is-nowrap is-layout-flex wp-container-core-group-is-layout-f56a869c wp-block-group-is-layout-flex\">\n<div class=\"wp-block-group tebab-form-image__content has-white-background-color has-background wp-container-content-9cfa9a5a is-nowrap is-layout-flex wp-container-core-group-is-layout-ad2f72ca wp-block-group-is-layout-flex\">\n<h3 class=\"wp-block-heading\"><strong>Svensk Elektronik creates meeting places and competence supply in the area through<\/strong><strong>:<\/strong><\/h3>\n\n\n\n<ul class=\"wp-block-list\">\n<li>Conferences and events to strengthen national competence. We base the content of these on what is happening in the field internationally<\/li>\n\n\n\n<li>Networking<br><\/li>\n<\/ul>\n\n\n\n<p><strong>ICT Energy&nbsp;<\/strong><strong>consists<\/strong><strong>&nbsp;of:<\/strong><\/p>\n\n\n\n<ul class=\"wp-block-list\">\n<li>Henrik Nilen<\/li>\n\n\n\n<li>Furat Shamurad<\/li>\n\n\n\n<li>Peter Wasmuth<\/li>\n\n\n\n<li>Lennart Nordahl<\/li>\n\n\n\n<li>Ari Kemppainen<\/li>\n\n\n\n<li>Goran Granqvist<\/li>\n\n\n\n<li>Michael Flodin<\/li>\n<\/ul>\n<\/div>\n\n\n\n<div class=\"wp-block-group tebab-form-image__content has-white-background-color has-background wp-container-content-9cfa9a5a is-nowrap is-layout-flex wp-container-core-group-is-layout-ad2f72ca wp-block-group-is-layout-flex\">\n<h3 class=\"wp-block-heading\">Contact ITC Energy<\/h3>\n\n\n\n<p>We welcome you to get in touch to be involved and have the opportunity to influence the issues we are pursuing in this area!<\/p>\n\n\n\n<p><br><\/p>\n\n\n<section  class=\"tebab-block-form\">\n    <form data-tebab-form=\"block_9f945d77a884235bf9a475f86990ed69\" data-tebab-page=\"738285\" action=\"\">\n        <label class=\"input-wrapper required\" for=\"kontakt-itc\">\n    <span>Email *<\/span>\n    <input type=\"email\" name=\"kontakt-itc\" id=\"kontakt-itc\" placeholder=\"exempel@svenskelektronik.se\" required>\n<\/label><label class=\"input-wrapper\" for=\"amne\">\n    <span>Subject<\/span>\n    <input type=\"text\" name=\"amne\" id=\"amne\" placeholder=\"\" >\n<\/label><label class=\"input-wrapper required\" for=\"text\">\n    <span>Your message *<\/span>\n    <textarea type=\"text\" name=\"text\" id=\"text\" placeholder=\"\" required rows=\"6\"><\/textarea>\n<\/label>\n        <div class=\"input-wrapper\">\n            <button type=\"submit\" class=\"button\">Send<\/button>\n        <\/div>\n\n            <input type=\"hidden\" name=\"trp-form-language\" value=\"en\"\/><\/form>\n<\/section><\/div>\n<\/div>\n\n\n\n<div style=\"height:80px\" aria-hidden=\"true\" class=\"wp-block-spacer\"><\/div>\n\n\n<section id=\"embedded\" class=\"tebab-block-split_screen alignwide image_alignment-left\">\n    <div class=\"contained\">\n        <div class=\"tebab-block-split_screen__image-wrapper\">\n            <img loading=\"lazy\" decoding=\"async\" width=\"1624\" height=\"1080\" src=\"https:\/\/svenskelektronik.se\/wp-content\/uploads\/2025\/01\/thomas-jensen-mc_4viOaxlw-unsplash-1624x1080.jpg\" class=\"attachment-landscape size-landscape\" alt=\"\" srcset=\"https:\/\/svenskelektronik.se\/wp-content\/uploads\/2025\/01\/thomas-jensen-mc_4viOaxlw-unsplash-1624x1080.jpg 1624w, https:\/\/svenskelektronik.se\/wp-content\/uploads\/2025\/01\/thomas-jensen-mc_4viOaxlw-unsplash-300x199.jpg 300w, https:\/\/svenskelektronik.se\/wp-content\/uploads\/2025\/01\/thomas-jensen-mc_4viOaxlw-unsplash-1024x681.jpg 1024w, https:\/\/svenskelektronik.se\/wp-content\/uploads\/2025\/01\/thomas-jensen-mc_4viOaxlw-unsplash-768x511.jpg 768w, https:\/\/svenskelektronik.se\/wp-content\/uploads\/2025\/01\/thomas-jensen-mc_4viOaxlw-unsplash-1536x1021.jpg 1536w, https:\/\/svenskelektronik.se\/wp-content\/uploads\/2025\/01\/thomas-jensen-mc_4viOaxlw-unsplash-2048x1362.jpg 2048w\" sizes=\"auto, (max-width: 1624px) 100vw, 1624px\" \/>        <\/div>\n\n        <div class=\"tebab-block-split_screen__content-wrapper\">\n            <h1 style=\"font-weight: 400;\"><strong>Embedded R&amp;D Forum<\/strong><\/h1>\n<p style=\"font-weight: 400;\"><strong>Target group:<br \/>\n<\/strong><br \/>\nDevelopers, designers and suppliers of electronics and embedded systems.<\/p>\n<p style=\"font-weight: 400;\"><strong>Operation:<\/strong><\/p>\n<p>Svensk Elektronik runs a forum for Embedded R&amp;D focused on the value chain that develops and delivers services for the production of electronics and embedded systems (hardware and software). The forum covers both technology, global monitoring and discussion of trends in components, tools, regulations and processes. The forum contributes to Svensk Elektronik&#039;s meeting places and platforms for networking and business.<\/p>\n<p>Responsible: <a href=\"maria.mansson@smartareelektroniksystem.se\">Maria Mansson<\/a><\/p>\n\n            \n        <\/div>\n    <\/div>\n<\/section>\n\n\n<div style=\"height:15px\" aria-hidden=\"true\" class=\"wp-block-spacer\"><\/div>\n\n\n\n<div class=\"wp-block-group alignwide tebab-form-image is-content-justification-left is-nowrap is-layout-flex wp-container-core-group-is-layout-f56a869c wp-block-group-is-layout-flex\">\n<div class=\"wp-block-group tebab-form-image__content has-white-background-color has-background wp-container-content-9cfa9a5a is-nowrap is-layout-flex wp-container-core-group-is-layout-ad2f72ca wp-block-group-is-layout-flex\">\n<h3 class=\"wp-block-heading\"><strong>Our focus points in the area:<\/strong><\/h3>\n\n\n\n<ul class=\"wp-block-list\">\n<li>Strengthen Embedded Technology as a well-known concept and technology area<\/li>\n\n\n\n<li>Conferences\/events\/market-creating activities<\/li>\n\n\n\n<li>Business Terms<\/li>\n\n\n\n<li>Directives and regulations<\/li>\n\n\n\n<li>Networking<\/li>\n\n\n\n<li>Trends in Hardware and Software Design and Development<\/li>\n\n\n\n<li>DfX (Design for Excellence)<\/li>\n\n\n\n<li>Circuit Board and Pattern Board Technology<\/li>\n\n\n\n<li>Development tools (CAD, software, etc.)<\/li>\n\n\n\n<li>Components\/global value chains<\/li>\n\n\n\n<li>Testing<\/li>\n\n\n\n<li>Reliability<\/li>\n\n\n\n<li>Cybersecurity<\/li>\n\n\n\n<li>Collaborate with universities, manufacturers, etc. in the value chain<\/li>\n<\/ul>\n<\/div>\n\n\n\n<div class=\"wp-block-group tebab-form-image__content has-white-background-color has-background wp-container-content-9cfa9a5a is-nowrap is-layout-flex wp-container-core-group-is-layout-ad2f72ca wp-block-group-is-layout-flex\">\n<h3 class=\"wp-block-heading\"><strong>Do you want to be involved and influence the Forum for Embedded R&amp;D?<\/strong><\/h3>\n\n\n\n<p><\/p>\n\n\n<section  class=\"tebab-block-form\">\n    <form data-tebab-form=\"block_41f58e938ab6d4d2426eb7e0a4e6d2d6\" data-tebab-page=\"738285\" action=\"\">\n        <label class=\"input-wrapper required\" for=\"kontakt-embedded\">\n    <span>Email *<\/span>\n    <input type=\"email\" name=\"kontakt-embedded\" id=\"kontakt-embedded\" placeholder=\"exempel@svenskelektronik.se\" required>\n<\/label><label class=\"input-wrapper\" for=\"amne\">\n    <span>Subject<\/span>\n    <input type=\"text\" name=\"amne\" id=\"amne\" placeholder=\"\" >\n<\/label><label class=\"input-wrapper required\" for=\"text\">\n    <span>Your message *<\/span>\n    <textarea type=\"text\" name=\"text\" id=\"text\" placeholder=\"\" required rows=\"6\"><\/textarea>\n<\/label>\n        <div class=\"input-wrapper\">\n            <button type=\"submit\" class=\"button\">Send<\/button>\n        <\/div>\n\n            <input type=\"hidden\" name=\"trp-form-language\" value=\"en\"\/><\/form>\n<\/section><\/div>\n<\/div>\n\n\n\n<div style=\"height:80px\" aria-hidden=\"true\" class=\"wp-block-spacer\"><\/div>\n\n\n<section id=\"Kraftelektronik\" class=\"tebab-block-split_screen alignwide image_alignment-left\">\n    <div class=\"contained\">\n        <div class=\"tebab-block-split_screen__image-wrapper\">\n            <img loading=\"lazy\" decoding=\"async\" width=\"960\" height=\"640\" src=\"https:\/\/svenskelektronik.se\/wp-content\/uploads\/2025\/01\/transformers-547355_960_720.jpg\" class=\"attachment-landscape size-landscape\" alt=\"\" srcset=\"https:\/\/svenskelektronik.se\/wp-content\/uploads\/2025\/01\/transformers-547355_960_720.jpg 960w, https:\/\/svenskelektronik.se\/wp-content\/uploads\/2025\/01\/transformers-547355_960_720-300x200.jpg 300w, https:\/\/svenskelektronik.se\/wp-content\/uploads\/2025\/01\/transformers-547355_960_720-768x512.jpg 768w\" sizes=\"auto, (max-width: 960px) 100vw, 960px\" \/>        <\/div>\n\n        <div class=\"tebab-block-split_screen__content-wrapper\">\n            <h1 style=\"font-weight: 400;\"><strong>Power Electronics Section<\/strong><\/h1>\n<p style=\"font-weight: 400;\">Power electronics are found in almost all electronic products. It can be anything from internal voltage conversion, battery-related or connected to external power supply. It is also highly relevant today due to the need for climate change, reduced energy consumption and fossil-free electricity. Both the infrastructure for energy supply and the electrification of, for example, the vehicle fleet require more power electronics and greater knowledge in this area of technology.<\/p>\n<p>More information about the section will come later.<\/p>\n\n            \n        <\/div>\n    <\/div>\n<\/section>\n\n\n<div style=\"height:100px\" aria-hidden=\"true\" class=\"wp-block-spacer\"><\/div>\n\n\n\n<p><\/p>","protected":false},"excerpt":{"rendered":"<p>F\u00f6r att nyttja det professionella n\u00e4tverk som f\u00f6reningen erbjuder, ser vi till att tr\u00e4ffas i olika grupper. Det \u00e4r i kreativa m\u00f6ten vi kan skapa m\u00f6jligheter och l\u00f6sningar som st\u00e4rker v\u00e5ra medlemsf\u00f6retag och branschen som helhet. Under Sektioner samlas medlemmar efter deras verksamhet, med syfte att fokusera p\u00e5 fr\u00e5gor av s\u00e4rskilt intresse f\u00f6r gruppen. Svensk [&hellip;]<\/p>\n","protected":false},"author":1,"featured_media":0,"parent":0,"menu_order":0,"comment_status":"closed","ping_status":"closed","template":"","meta":{"footnotes":""},"class_list":["post-738285","page","type-page","status-publish","hentry"],"acf":[],"_links":{"self":[{"href":"https:\/\/svenskelektronik.se\/en\/wp-json\/wp\/v2\/pages\/738285","targetHints":{"allow":["GET"]}}],"collection":[{"href":"https:\/\/svenskelektronik.se\/en\/wp-json\/wp\/v2\/pages"}],"about":[{"href":"https:\/\/svenskelektronik.se\/en\/wp-json\/wp\/v2\/types\/page"}],"author":[{"embeddable":true,"href":"https:\/\/svenskelektronik.se\/en\/wp-json\/wp\/v2\/users\/1"}],"replies":[{"embeddable":true,"href":"https:\/\/svenskelektronik.se\/en\/wp-json\/wp\/v2\/comments?post=738285"}],"version-history":[{"count":39,"href":"https:\/\/svenskelektronik.se\/en\/wp-json\/wp\/v2\/pages\/738285\/revisions"}],"predecessor-version":[{"id":739377,"href":"https:\/\/svenskelektronik.se\/en\/wp-json\/wp\/v2\/pages\/738285\/revisions\/739377"}],"wp:attachment":[{"href":"https:\/\/svenskelektronik.se\/en\/wp-json\/wp\/v2\/media?parent=738285"}],"curies":[{"name":"wp","href":"https:\/\/api.w.org\/{rel}","templated":true}]}}